{"id":43300,"date":"2026-01-27T20:02:46","date_gmt":"2026-01-27T20:02:46","guid":{"rendered":"https:\/\/www.deporteseli.com\/?product=one-ultralight-padel-2"},"modified":"2026-01-27T20:02:46","modified_gmt":"2026-01-27T20:02:46","slug":"one-ultralight-padel-2","status":"publish","type":"product","link":"https:\/\/www.deporteseli.com\/?product=one-ultralight-padel-2","title":{"rendered":"ONE ULTRALIGHT PADEL"},"content":{"rendered":"<p>Head One Ultralight es la pala para adulto m\u00e1s ligera jam\u00e1s fabricada.         El peso de s\u00f3lo 300 gr, debido en parte a su construcci\u00f3n exclusiva y revolucionaria, garantiza a principiantes y jugadores ocasionales una experiencia de juego c\u00f3moda. Permisivo y f\u00e1cil de manejar, ofrece un control inmejorable en cada golpe.         La presencia del \u00fanico orificio (n\u00famero m\u00ednimo exigido por la normativa oficial FIP) aumenta la aerodin\u00e1mica y proporciona mayor equilibrio y estabilidad a la pala.  Detalles:    Forma: redonda  Espesor: 38 mm  Peso: 300 gr  Equilibrio: 265 mm  Marco: carbono  Superficie: carbono 12K  N\u00facleo: EVA  Acabado: rugoso  Mango m\u00e1s largo que favorece el agarre con las dos manos  Correa de mu\u00f1eca ajustable  Nivel de jugador: inicial e intermedio  La pala no viene con funda                                                                                                                                                                                                                                                                                                                                                                                                                                                                                                                                                                                                                                                                                                                                                                                                                                                                                                                                                                                                                                        <\/p>\n","protected":false},"excerpt":{"rendered":"<p>ONE ULTRALIGHT PADEL<\/p>\n","protected":false},"featured_media":56772,"template":"","meta":[],"product_brand":[],"product_cat":[353],"product_tag":[22],"class_list":{"0":"post-43300","1":"product","2":"type-product","3":"status-publish","4":"has-post-thumbnail","6":"product_cat-padel_y_tenis_palas","7":"product_tag-head","8":"thunk-woo-product-list","9":"opn-qv-enable","10":"open-woo-hover-","11":"open-single-product-tab-horizontal","12":"open-shadow-","13":"open-shadow-hover-","15":"first","16":"instock","17":"sale","18":"shipping-taxable","19":"purchasable","20":"product-type-simple"},"jetpack_sharing_enabled":true,"_links":{"self":[{"href":"https:\/\/www.deporteseli.com\/index.php?rest_route=\/wp\/v2\/product\/43300","targetHints":{"allow":["GET"]}}],"collection":[{"href":"https:\/\/www.deporteseli.com\/index.php?rest_route=\/wp\/v2\/product"}],"about":[{"href":"https:\/\/www.deporteseli.com\/index.php?rest_route=\/wp\/v2\/types\/product"}],"wp:featuredmedia":[{"embeddable":true,"href":"https:\/\/www.deporteseli.com\/index.php?rest_route=\/wp\/v2\/media\/56772"}],"wp:attachment":[{"href":"https:\/\/www.deporteseli.com\/index.php?rest_route=%2Fwp%2Fv2%2Fmedia&parent=43300"}],"wp:term":[{"taxonomy":"product_brand","embeddable":true,"href":"https:\/\/www.deporteseli.com\/index.php?rest_route=%2Fwp%2Fv2%2Fproduct_brand&post=43300"},{"taxonomy":"product_cat","embeddable":true,"href":"https:\/\/www.deporteseli.com\/index.php?rest_route=%2Fwp%2Fv2%2Fproduct_cat&post=43300"},{"taxonomy":"product_tag","embeddable":true,"href":"https:\/\/www.deporteseli.com\/index.php?rest_route=%2Fwp%2Fv2%2Fproduct_tag&post=43300"}],"curies":[{"name":"wp","href":"https:\/\/api.w.org\/{rel}","templated":true}]}}