{"id":43295,"date":"2026-01-27T20:02:40","date_gmt":"2026-01-27T20:02:40","guid":{"rendered":"https:\/\/www.deporteseli.com\/?product=camiseta-essentials-big-logo-cotton"},"modified":"2026-03-07T06:06:37","modified_gmt":"2026-03-07T06:06:37","slug":"camiseta-essentials-big-logo-cotton","status":"publish","type":"product","link":"https:\/\/www.deporteseli.com\/?product=camiseta-essentials-big-logo-cotton","title":{"rendered":"CAMISETA ESSENTIALS BIG LOGO COTTON"},"content":{"rendered":"<p>UN CL\u00c1SICO IMPRESCINDIBLE  Esta camiseta adidas para j\u00f3venes deportistas es perfecta tanto para una larga caminata como para una marat\u00f3n de pelis en casa. Se ha confeccionado en un tejido de algod\u00f3n muy suave al tacto. Su dise\u00f1o estilizado combina con todo, desde vaqueros de talle alto hasta pantalones holgados. El logotipo de adidas es el sello de nuestro legado deportivo.    Nuestros productos de algod\u00f3n se han fabricado de forma sostenible.  Corte entallado  Cuello redondo de canal\u00e9  Punto 100% algod\u00f3n  Producto creado en colaboraci\u00f3n con Better Cotton  Color del art\u00edculo: Sandy Pink \/ White  N\u00famero de art\u00edculo: IV7229                                                                                                                                                                                                                                                                                                                                                                                                                                                                                                                                                                                                                                                                                                                                                                                                                                                                                                                                                                                                                                        <\/p>\n","protected":false},"excerpt":{"rendered":"<p>CAMISETA ESSENTIALS BIG LOGO COTTON<\/p>\n","protected":false},"featured_media":56764,"template":"","meta":[],"product_brand":[],"product_cat":[376],"product_tag":[18],"class_list":{"0":"post-43295","1":"product","2":"type-product","3":"status-publish","4":"has-post-thumbnail","6":"product_cat-ninas_textil_camisetas","7":"product_tag-adidas","8":"pa_color-unico","9":"pa_talla-t-10","10":"pa_talla-t-12","11":"pa_talla-t-14","12":"thunk-woo-product-list","13":"opn-qv-enable","14":"open-woo-hover-","15":"open-single-product-tab-horizontal","16":"open-shadow-","17":"open-shadow-hover-","19":"first","20":"instock","21":"shipping-taxable","22":"purchasable","23":"product-type-variable"},"jetpack_sharing_enabled":true,"_links":{"self":[{"href":"https:\/\/www.deporteseli.com\/index.php?rest_route=\/wp\/v2\/product\/43295","targetHints":{"allow":["GET"]}}],"collection":[{"href":"https:\/\/www.deporteseli.com\/index.php?rest_route=\/wp\/v2\/product"}],"about":[{"href":"https:\/\/www.deporteseli.com\/index.php?rest_route=\/wp\/v2\/types\/product"}],"wp:featuredmedia":[{"embeddable":true,"href":"https:\/\/www.deporteseli.com\/index.php?rest_route=\/wp\/v2\/media\/56764"}],"wp:attachment":[{"href":"https:\/\/www.deporteseli.com\/index.php?rest_route=%2Fwp%2Fv2%2Fmedia&parent=43295"}],"wp:term":[{"taxonomy":"product_brand","embeddable":true,"href":"https:\/\/www.deporteseli.com\/index.php?rest_route=%2Fwp%2Fv2%2Fproduct_brand&post=43295"},{"taxonomy":"product_cat","embeddable":true,"href":"https:\/\/www.deporteseli.com\/index.php?rest_route=%2Fwp%2Fv2%2Fproduct_cat&post=43295"},{"taxonomy":"product_tag","embeddable":true,"href":"https:\/\/www.deporteseli.com\/index.php?rest_route=%2Fwp%2Fv2%2Fproduct_tag&post=43295"}],"curies":[{"name":"wp","href":"https:\/\/api.w.org\/{rel}","templated":true}]}}