{"id":43291,"date":"2026-01-27T20:02:34","date_gmt":"2026-01-27T20:02:34","guid":{"rendered":"https:\/\/www.deporteseli.com\/?product=camisa-adidas-iw8834"},"modified":"2026-03-07T06:06:32","modified_gmt":"2026-03-07T06:06:32","slug":"camisa-adidas-iw8834","status":"publish","type":"product","link":"https:\/\/www.deporteseli.com\/?product=camisa-adidas-iw8834","title":{"rendered":"CAMISA ADIDAS IW8834"},"content":{"rendered":"<p>Descripci\u00f3n  Camiseta adidas Graphic    Muestra con orgullo tu estilo adidas. Esta camiseta informal combina con todo, desde jeans hasta shorts cargo. Confeccionada en suave punto de algod\u00f3n liso, tiene un corte est\u00e1ndar. Las letras en contraste en la parte delantera a\u00f1aden un toque moderno y atemporal.    adidas s&#8217;engage con Better Cotton para mejorar las condiciones mundiales de producci\u00f3n de algod\u00f3n. Esta organizaci\u00f3n pretende que la producci\u00f3n mundial de algod\u00f3n sea mejor para los trabajadores, el medio ambiente y el futuro del sector.                                                                                                                                                                                                                                                                                                                                                                                                                                                                                                                                                                                                                                                                                                                                                                                                                                                                                                                                                                                                                                        <\/p>\n","protected":false},"excerpt":{"rendered":"<p>CAMISA ADIDAS IW8834<\/p>\n","protected":false},"featured_media":56757,"template":"","meta":[],"product_brand":[],"product_cat":[245],"product_tag":[18],"class_list":{"0":"post-43291","1":"product","2":"type-product","3":"status-publish","4":"has-post-thumbnail","6":"product_cat-hombre_textil_camisetas","7":"product_tag-adidas","8":"pa_color-unico","9":"pa_talla-m","10":"thunk-woo-product-list","11":"opn-qv-enable","12":"open-woo-hover-","13":"open-single-product-tab-horizontal","14":"open-shadow-","15":"open-shadow-hover-","17":"first","18":"instock","19":"shipping-taxable","20":"purchasable","21":"product-type-variable"},"jetpack_sharing_enabled":true,"_links":{"self":[{"href":"https:\/\/www.deporteseli.com\/index.php?rest_route=\/wp\/v2\/product\/43291","targetHints":{"allow":["GET"]}}],"collection":[{"href":"https:\/\/www.deporteseli.com\/index.php?rest_route=\/wp\/v2\/product"}],"about":[{"href":"https:\/\/www.deporteseli.com\/index.php?rest_route=\/wp\/v2\/types\/product"}],"wp:featuredmedia":[{"embeddable":true,"href":"https:\/\/www.deporteseli.com\/index.php?rest_route=\/wp\/v2\/media\/56757"}],"wp:attachment":[{"href":"https:\/\/www.deporteseli.com\/index.php?rest_route=%2Fwp%2Fv2%2Fmedia&parent=43291"}],"wp:term":[{"taxonomy":"product_brand","embeddable":true,"href":"https:\/\/www.deporteseli.com\/index.php?rest_route=%2Fwp%2Fv2%2Fproduct_brand&post=43291"},{"taxonomy":"product_cat","embeddable":true,"href":"https:\/\/www.deporteseli.com\/index.php?rest_route=%2Fwp%2Fv2%2Fproduct_cat&post=43291"},{"taxonomy":"product_tag","embeddable":true,"href":"https:\/\/www.deporteseli.com\/index.php?rest_route=%2Fwp%2Fv2%2Fproduct_tag&post=43291"}],"curies":[{"name":"wp","href":"https:\/\/api.w.org\/{rel}","templated":true}]}}