{"id":43289,"date":"2026-01-27T20:02:32","date_gmt":"2026-01-27T20:02:32","guid":{"rendered":"https:\/\/www.deporteseli.com\/?product=camisa-adidas-ix0137"},"modified":"2026-03-07T06:06:30","modified_gmt":"2026-03-07T06:06:30","slug":"camisa-adidas-ix0137","status":"publish","type":"product","link":"https:\/\/www.deporteseli.com\/?product=camisa-adidas-ix0137","title":{"rendered":"CAMISA ADIDAS IX0137"},"content":{"rendered":"<p>Descripci\u00f3n  Camiseta adidas Essentials Big Logo  adidas Tanto si te la pones despu\u00e9s de hacer deporte como si te preparas para el d\u00eda, esta prenda esencial est\u00e1 hecha para ti. adidas adidas Dise\u00f1ada para ofrecer comodidad y estilo, lleva el logotipo e\u00e9Badge de Sport\u00e9\u00e9, que brilla en la parte delantera para mostrar tu pasi\u00f3n por . look Mezcla y combina tu vestuario: el cl\u00e1sico deportivo va con todo.                                                                                                                                                                                                                                                                                                                                                                                                                                                                                                                                                                                                                                                                                                                                                                                                                                                                                                                                                                                                                                        <\/p>\n","protected":false},"excerpt":{"rendered":"<p>CAMISA ADIDAS IX0137<\/p>\n","protected":false},"featured_media":56755,"template":"","meta":[],"product_brand":[],"product_cat":[245],"product_tag":[18],"class_list":{"0":"post-43289","1":"product","2":"type-product","3":"status-publish","4":"has-post-thumbnail","6":"product_cat-hombre_textil_camisetas","7":"product_tag-adidas","8":"pa_color-unico","9":"pa_talla-l","10":"thunk-woo-product-list","11":"opn-qv-enable","12":"open-woo-hover-","13":"open-single-product-tab-horizontal","14":"open-shadow-","15":"open-shadow-hover-","17":"first","18":"instock","19":"shipping-taxable","20":"purchasable","21":"product-type-variable"},"jetpack_sharing_enabled":true,"_links":{"self":[{"href":"https:\/\/www.deporteseli.com\/index.php?rest_route=\/wp\/v2\/product\/43289","targetHints":{"allow":["GET"]}}],"collection":[{"href":"https:\/\/www.deporteseli.com\/index.php?rest_route=\/wp\/v2\/product"}],"about":[{"href":"https:\/\/www.deporteseli.com\/index.php?rest_route=\/wp\/v2\/types\/product"}],"wp:featuredmedia":[{"embeddable":true,"href":"https:\/\/www.deporteseli.com\/index.php?rest_route=\/wp\/v2\/media\/56755"}],"wp:attachment":[{"href":"https:\/\/www.deporteseli.com\/index.php?rest_route=%2Fwp%2Fv2%2Fmedia&parent=43289"}],"wp:term":[{"taxonomy":"product_brand","embeddable":true,"href":"https:\/\/www.deporteseli.com\/index.php?rest_route=%2Fwp%2Fv2%2Fproduct_brand&post=43289"},{"taxonomy":"product_cat","embeddable":true,"href":"https:\/\/www.deporteseli.com\/index.php?rest_route=%2Fwp%2Fv2%2Fproduct_cat&post=43289"},{"taxonomy":"product_tag","embeddable":true,"href":"https:\/\/www.deporteseli.com\/index.php?rest_route=%2Fwp%2Fv2%2Fproduct_tag&post=43289"}],"curies":[{"name":"wp","href":"https:\/\/api.w.org\/{rel}","templated":true}]}}