{"id":43286,"date":"2026-01-27T20:02:28","date_gmt":"2026-01-27T20:02:28","guid":{"rendered":"https:\/\/www.deporteseli.com\/?product=camisa-adidas-iy1698"},"modified":"2026-03-07T06:06:28","modified_gmt":"2026-03-07T06:06:28","slug":"camisa-adidas-iy1698","status":"publish","type":"product","link":"https:\/\/www.deporteseli.com\/?product=camisa-adidas-iy1698","title":{"rendered":"CAMISA ADIDAS IY1698"},"content":{"rendered":"<p>Descripci\u00f3n  Camiseta de mujer adidas Essentials 3-Stripes  look Ponte esta camiseta y tendr\u00e1s un deportivo que celebra el pasado. adidas sportswear Presenta detalles cl\u00e1sicos que definieron el estilo en los a\u00f1os 80 y 90, y que siguen vigentes hoy en d\u00eda.autres Comb\u00ednala con las favoritas de tu armario en cuesti\u00f3n de segundos.  culture Comprar nuestros productos de algod\u00f3n significa apoyar una .                                                                                                                                                                                                                                                                                                                                                                                                                                                                                                                                                                                                                                                                                                                                                                                                                                                                                                                                                                                                                                        <\/p>\n","protected":false},"excerpt":{"rendered":"<p>CAMISA ADIDAS IY1698<\/p>\n","protected":false},"featured_media":56753,"template":"","meta":[],"product_brand":[],"product_cat":[269],"product_tag":[18],"class_list":{"0":"post-43286","1":"product","2":"type-product","3":"status-publish","4":"has-post-thumbnail","6":"product_cat-mujer_textil_camisetas","7":"product_tag-adidas","8":"pa_color-unico","9":"pa_talla-l","10":"pa_talla-m","11":"thunk-woo-product-list","12":"opn-qv-enable","13":"open-woo-hover-","14":"open-single-product-tab-horizontal","15":"open-shadow-","16":"open-shadow-hover-","18":"first","19":"instock","20":"shipping-taxable","21":"purchasable","22":"product-type-variable"},"jetpack_sharing_enabled":true,"_links":{"self":[{"href":"https:\/\/www.deporteseli.com\/index.php?rest_route=\/wp\/v2\/product\/43286","targetHints":{"allow":["GET"]}}],"collection":[{"href":"https:\/\/www.deporteseli.com\/index.php?rest_route=\/wp\/v2\/product"}],"about":[{"href":"https:\/\/www.deporteseli.com\/index.php?rest_route=\/wp\/v2\/types\/product"}],"wp:featuredmedia":[{"embeddable":true,"href":"https:\/\/www.deporteseli.com\/index.php?rest_route=\/wp\/v2\/media\/56753"}],"wp:attachment":[{"href":"https:\/\/www.deporteseli.com\/index.php?rest_route=%2Fwp%2Fv2%2Fmedia&parent=43286"}],"wp:term":[{"taxonomy":"product_brand","embeddable":true,"href":"https:\/\/www.deporteseli.com\/index.php?rest_route=%2Fwp%2Fv2%2Fproduct_brand&post=43286"},{"taxonomy":"product_cat","embeddable":true,"href":"https:\/\/www.deporteseli.com\/index.php?rest_route=%2Fwp%2Fv2%2Fproduct_cat&post=43286"},{"taxonomy":"product_tag","embeddable":true,"href":"https:\/\/www.deporteseli.com\/index.php?rest_route=%2Fwp%2Fv2%2Fproduct_tag&post=43286"}],"curies":[{"name":"wp","href":"https:\/\/api.w.org\/{rel}","templated":true}]}}