{"id":43284,"date":"2026-01-27T20:02:25","date_gmt":"2026-01-27T20:02:25","guid":{"rendered":"https:\/\/www.deporteseli.com\/?product=sudadera-adidas-iw5158"},"modified":"2026-03-07T06:06:25","modified_gmt":"2026-03-07T06:06:25","slug":"sudadera-adidas-iw5158","status":"publish","type":"product","link":"https:\/\/www.deporteseli.com\/?product=sudadera-adidas-iw5158","title":{"rendered":"SUDADERA ADIDAS IW5158"},"content":{"rendered":"<p>Descripci\u00f3n  Sudadera con capucha adidas Soft Side 2.0 Graphic  Un gr\u00e1fico colorido le da a este hoodie adidas un look din\u00e1mico y lleno de vida. El suave felpa y los c\u00f3modos pu\u00f1os acanalados retienen el calor, mientras que el corte cl\u00e1sico siempre queda perfecto. Este sudadera con capucha se convierte en una prenda imprescindible para el d\u00eda a d\u00eda y tu nueva pieza favorita. _x000D__x000D_El algod\u00f3n de este producto ha sido obtenido a trav\u00e9s de Better Cotton. Esta organizaci\u00f3n utiliza un enfoque de trazabilidad llamado  Mass Balance . Esto significa que el algod\u00f3n Better Cotton no es f\u00edsicamente rastreable en los productos                                                                                                                                                                                                                                                                                                                                                                                                                                                                                                                                                                                                                                                                                                                                                                                                                                                                                                                                                                                                                                        <\/p>\n","protected":false},"excerpt":{"rendered":"<p>SUDADERA ADIDAS IW5158<\/p>\n","protected":false},"featured_media":56750,"template":"","meta":[],"product_brand":[],"product_cat":[279],"product_tag":[18],"class_list":{"0":"post-43284","1":"product","2":"type-product","3":"status-publish","4":"has-post-thumbnail","6":"product_cat-mujer_textil_sudaderas","7":"product_tag-adidas","8":"pa_color-unico","9":"pa_talla-t-12","10":"thunk-woo-product-list","11":"opn-qv-enable","12":"open-woo-hover-","13":"open-single-product-tab-horizontal","14":"open-shadow-","15":"open-shadow-hover-","17":"first","18":"instock","19":"shipping-taxable","20":"purchasable","21":"product-type-variable"},"jetpack_sharing_enabled":true,"_links":{"self":[{"href":"https:\/\/www.deporteseli.com\/index.php?rest_route=\/wp\/v2\/product\/43284","targetHints":{"allow":["GET"]}}],"collection":[{"href":"https:\/\/www.deporteseli.com\/index.php?rest_route=\/wp\/v2\/product"}],"about":[{"href":"https:\/\/www.deporteseli.com\/index.php?rest_route=\/wp\/v2\/types\/product"}],"wp:featuredmedia":[{"embeddable":true,"href":"https:\/\/www.deporteseli.com\/index.php?rest_route=\/wp\/v2\/media\/56750"}],"wp:attachment":[{"href":"https:\/\/www.deporteseli.com\/index.php?rest_route=%2Fwp%2Fv2%2Fmedia&parent=43284"}],"wp:term":[{"taxonomy":"product_brand","embeddable":true,"href":"https:\/\/www.deporteseli.com\/index.php?rest_route=%2Fwp%2Fv2%2Fproduct_brand&post=43284"},{"taxonomy":"product_cat","embeddable":true,"href":"https:\/\/www.deporteseli.com\/index.php?rest_route=%2Fwp%2Fv2%2Fproduct_cat&post=43284"},{"taxonomy":"product_tag","embeddable":true,"href":"https:\/\/www.deporteseli.com\/index.php?rest_route=%2Fwp%2Fv2%2Fproduct_tag&post=43284"}],"curies":[{"name":"wp","href":"https:\/\/api.w.org\/{rel}","templated":true}]}}