{"id":43281,"date":"2026-01-27T20:02:20","date_gmt":"2026-01-27T20:02:20","guid":{"rendered":"https:\/\/www.deporteseli.com\/?product=pantalon-adidas-jg5951"},"modified":"2026-03-07T06:06:24","modified_gmt":"2026-03-07T06:06:24","slug":"pantalon-adidas-jg5951","status":"publish","type":"product","link":"https:\/\/www.deporteseli.com\/?product=pantalon-adidas-jg5951","title":{"rendered":"PANTALON ADIDAS JG5951"},"content":{"rendered":"<p>Descripci\u00f3n  Pantal\u00f3n de ch\u00e1ndal adidas Essentials Fleece 3-Stripes  adidas Ponte estos pantalones cuando haga fresco o simplemente para disfrutar de la m\u00e1xima comodidad. Confeccionados en suave tejido polar con mezcla de algod\u00f3n, son f\u00e1ciles de llevar durante todo el d\u00eda. La cintura de tiro medio es el\u00e1stica. sneakers Las perneras c\u00f3nicas y los tobillos de canal\u00e9 realzan su . Los bolsillos delanteros son pr\u00e1cticos.  minimum Este producto est\u00e1 fabricado con un 70% de materiales reciclados y renovables.                                                                                                                                                                                                                                                                                                                                                                                                                                                                                                                                                                                                                                                                                                                                                                                                                                                                                                                                                                                                                                        <\/p>\n","protected":false},"excerpt":{"rendered":"<p>PANTALON ADIDAS JG5951<\/p>\n","protected":false},"featured_media":56746,"template":"","meta":[],"product_brand":[],"product_cat":[252],"product_tag":[18],"class_list":{"0":"post-43281","1":"product","2":"type-product","3":"status-publish","4":"has-post-thumbnail","6":"product_cat-hombre_textil_pantalones","7":"product_tag-adidas","8":"pa_color-unico","9":"pa_talla-xxl","10":"pa_talla-xxxl","11":"thunk-woo-product-list","12":"opn-qv-enable","13":"open-woo-hover-","14":"open-single-product-tab-horizontal","15":"open-shadow-","16":"open-shadow-hover-","18":"first","19":"instock","20":"shipping-taxable","21":"purchasable","22":"product-type-variable"},"jetpack_sharing_enabled":true,"_links":{"self":[{"href":"https:\/\/www.deporteseli.com\/index.php?rest_route=\/wp\/v2\/product\/43281","targetHints":{"allow":["GET"]}}],"collection":[{"href":"https:\/\/www.deporteseli.com\/index.php?rest_route=\/wp\/v2\/product"}],"about":[{"href":"https:\/\/www.deporteseli.com\/index.php?rest_route=\/wp\/v2\/types\/product"}],"wp:featuredmedia":[{"embeddable":true,"href":"https:\/\/www.deporteseli.com\/index.php?rest_route=\/wp\/v2\/media\/56746"}],"wp:attachment":[{"href":"https:\/\/www.deporteseli.com\/index.php?rest_route=%2Fwp%2Fv2%2Fmedia&parent=43281"}],"wp:term":[{"taxonomy":"product_brand","embeddable":true,"href":"https:\/\/www.deporteseli.com\/index.php?rest_route=%2Fwp%2Fv2%2Fproduct_brand&post=43281"},{"taxonomy":"product_cat","embeddable":true,"href":"https:\/\/www.deporteseli.com\/index.php?rest_route=%2Fwp%2Fv2%2Fproduct_cat&post=43281"},{"taxonomy":"product_tag","embeddable":true,"href":"https:\/\/www.deporteseli.com\/index.php?rest_route=%2Fwp%2Fv2%2Fproduct_tag&post=43281"}],"curies":[{"name":"wp","href":"https:\/\/api.w.org\/{rel}","templated":true}]}}