{"id":43279,"date":"2026-01-27T20:02:16","date_gmt":"2026-01-27T20:02:16","guid":{"rendered":"https:\/\/www.deporteseli.com\/?product=sudadera-adidas-ic8782"},"modified":"2026-03-07T06:06:21","modified_gmt":"2026-03-07T06:06:21","slug":"sudadera-adidas-ic8782","status":"publish","type":"product","link":"https:\/\/www.deporteseli.com\/?product=sudadera-adidas-ic8782","title":{"rendered":"SUDADERA ADIDAS IC8782"},"content":{"rendered":"<p>Descripci\u00f3n  Sudadera oversize con cremallera completa para mujer adidas Essentials 3-Stripes  adidas No hay nada que esta sudadera con capucha de sweat no pueda hacer. Cuando est\u00e9s cansado, descansa en una acogedora nube de rizo franc\u00e9s. Cuando necesites hacer algo, sube la cremallera y ponte la capucha para crear una burbuja de concentraci\u00f3n que ni siquiera tus compa\u00f1eros de trabajo se atrever\u00e1n a reventar. Incluso si s\u00f3lo buscas una prenda informal, esta cremallera es perfecta.Nuestros productos de algod\u00f3n apoyan un cultivo de algod\u00f3n m\u00e1s sostenible. Corte holgado                                                                                                                                                                                                                                                                                                                                                                                                                                                                                                                                                                                                                                                                                                                                                                                                                                                                                                                                                                                                                                        <\/p>\n","protected":false},"excerpt":{"rendered":"<p>SUDADERA ADIDAS IC8782<\/p>\n","protected":false},"featured_media":56742,"template":"","meta":[],"product_brand":[],"product_cat":[279],"product_tag":[18],"class_list":{"0":"post-43279","1":"product","2":"type-product","3":"status-publish","4":"has-post-thumbnail","6":"product_cat-mujer_textil_sudaderas","7":"product_tag-adidas","8":"pa_color-unico","9":"pa_talla-s","10":"thunk-woo-product-list","11":"opn-qv-enable","12":"open-woo-hover-","13":"open-single-product-tab-horizontal","14":"open-shadow-","15":"open-shadow-hover-","17":"first","18":"instock","19":"shipping-taxable","20":"purchasable","21":"product-type-variable"},"jetpack_sharing_enabled":true,"_links":{"self":[{"href":"https:\/\/www.deporteseli.com\/index.php?rest_route=\/wp\/v2\/product\/43279","targetHints":{"allow":["GET"]}}],"collection":[{"href":"https:\/\/www.deporteseli.com\/index.php?rest_route=\/wp\/v2\/product"}],"about":[{"href":"https:\/\/www.deporteseli.com\/index.php?rest_route=\/wp\/v2\/types\/product"}],"wp:featuredmedia":[{"embeddable":true,"href":"https:\/\/www.deporteseli.com\/index.php?rest_route=\/wp\/v2\/media\/56742"}],"wp:attachment":[{"href":"https:\/\/www.deporteseli.com\/index.php?rest_route=%2Fwp%2Fv2%2Fmedia&parent=43279"}],"wp:term":[{"taxonomy":"product_brand","embeddable":true,"href":"https:\/\/www.deporteseli.com\/index.php?rest_route=%2Fwp%2Fv2%2Fproduct_brand&post=43279"},{"taxonomy":"product_cat","embeddable":true,"href":"https:\/\/www.deporteseli.com\/index.php?rest_route=%2Fwp%2Fv2%2Fproduct_cat&post=43279"},{"taxonomy":"product_tag","embeddable":true,"href":"https:\/\/www.deporteseli.com\/index.php?rest_route=%2Fwp%2Fv2%2Fproduct_tag&post=43279"}],"curies":[{"name":"wp","href":"https:\/\/api.w.org\/{rel}","templated":true}]}}