{"id":43275,"date":"2026-01-27T20:02:10","date_gmt":"2026-01-27T20:02:10","guid":{"rendered":"https:\/\/www.deporteseli.com\/?product=conjunto-essentials-colorblock-bebe"},"modified":"2026-03-07T06:06:19","modified_gmt":"2026-03-07T06:06:19","slug":"conjunto-essentials-colorblock-bebe","status":"publish","type":"product","link":"https:\/\/www.deporteseli.com\/?product=conjunto-essentials-colorblock-bebe","title":{"rendered":"CONJUNTO ESSENTIALS COLORBLOCK (BEB\u00e9)"},"content":{"rendered":"<p>UN CONFORT QUE LE MIMA TANTO COMO T\u00da  Este conjunto adidas para peque\u00f1os deportistas se ha dise\u00f1ado para acompa\u00f1arle en todas sus aventuras diarias. Presenta un tejido supersuave que le envuelve en comodidad, ya sea mientras juega en el parque o se relaja en casa. El pantal\u00f3n incorpora una cintura el\u00e1stica con cord\u00f3n que le garantiza un ajuste a medida, mientras que la sudadera cuenta con botones a presi\u00f3n en el hombro para pon\u00e9rsela y quit\u00e1rsela f\u00e1cilmente.    El algod\u00f3n de este producto procede de Better Cotton. Better Cotton se obtiene a trav\u00e9s de un modelo de cadena de custodia llamado balance de masas. Esto significa que Better Cotton no es f\u00edsicamente rastreable a nivel de productos finales.  Corte cl\u00e1sico con cintura de talle medio  Sudadera con capucha y cierre de botones en el hombro  70% algod\u00f3n \/ 30% poli\u00e9ster (reciclado)  Tacto suave  Cierre de botones a presi\u00f3n en el hombro  Pu\u00f1os y dobladillo del mismo tejido  Cintura el\u00e1stica con cord\u00f3n  Better Cotton se obtiene a trav\u00e9s de un modelo de cadena de custodia llamado balance de masas, por lo que existe la posibilidad de que este producto no contenga algod\u00f3n Better Cotton  Dise\u00f1o con bloques de color  Color del art\u00edculo: Preloved Crimson \/ Sandy Pink  N\u00famero de art\u00edculo: IZ4960                                                                                                                                                                                                                                                                                                                                                                                                                                                                                                                                                                                                                                                                                                                                                                                                                                                                                                                                                                                                                                        <\/p>\n","protected":false},"excerpt":{"rendered":"<p>CONJUNTO ESSENTIALS COLORBLOCK (BEB\u00e9)<\/p>\n","protected":false},"featured_media":56738,"template":"","meta":[],"product_brand":[],"product_cat":[380],"product_tag":[18],"class_list":{"0":"post-43275","1":"product","2":"type-product","3":"status-publish","4":"has-post-thumbnail","6":"product_cat-ninas_textil_chandals","7":"product_tag-adidas","8":"pa_color-unico","9":"pa_talla-103","10":"pa_talla-167","11":"pa_talla-168","12":"thunk-woo-product-list","13":"opn-qv-enable","14":"open-woo-hover-","15":"open-single-product-tab-horizontal","16":"open-shadow-","17":"open-shadow-hover-","19":"first","20":"instock","21":"shipping-taxable","22":"purchasable","23":"product-type-variable"},"jetpack_sharing_enabled":true,"_links":{"self":[{"href":"https:\/\/www.deporteseli.com\/index.php?rest_route=\/wp\/v2\/product\/43275","targetHints":{"allow":["GET"]}}],"collection":[{"href":"https:\/\/www.deporteseli.com\/index.php?rest_route=\/wp\/v2\/product"}],"about":[{"href":"https:\/\/www.deporteseli.com\/index.php?rest_route=\/wp\/v2\/types\/product"}],"wp:featuredmedia":[{"embeddable":true,"href":"https:\/\/www.deporteseli.com\/index.php?rest_route=\/wp\/v2\/media\/56738"}],"wp:attachment":[{"href":"https:\/\/www.deporteseli.com\/index.php?rest_route=%2Fwp%2Fv2%2Fmedia&parent=43275"}],"wp:term":[{"taxonomy":"product_brand","embeddable":true,"href":"https:\/\/www.deporteseli.com\/index.php?rest_route=%2Fwp%2Fv2%2Fproduct_brand&post=43275"},{"taxonomy":"product_cat","embeddable":true,"href":"https:\/\/www.deporteseli.com\/index.php?rest_route=%2Fwp%2Fv2%2Fproduct_cat&post=43275"},{"taxonomy":"product_tag","embeddable":true,"href":"https:\/\/www.deporteseli.com\/index.php?rest_route=%2Fwp%2Fv2%2Fproduct_tag&post=43275"}],"curies":[{"name":"wp","href":"https:\/\/api.w.org\/{rel}","templated":true}]}}