{"id":43265,"date":"2026-01-27T20:01:56","date_gmt":"2026-01-27T20:01:56","guid":{"rendered":"https:\/\/www.deporteseli.com\/?product=pantalones-sereno-para-ninos"},"modified":"2026-03-07T06:06:09","modified_gmt":"2026-03-07T06:06:09","slug":"pantalones-sereno-para-ninos","status":"publish","type":"product","link":"https:\/\/www.deporteseli.com\/?product=pantalones-sereno-para-ninos","title":{"rendered":"PANTALONES SERENO PARA NI\u00f1OS"},"content":{"rendered":"<p>PANTALONES C\u00d3MODOS ELABORADOS CON MATERIALES RECICLADOS.  Ligeros y c\u00f3modos, estos pantalones adidas para j\u00f3venes te dan libertad de movimiento, ya sea que est\u00e9s jugando a la pelota o charlando con tus amigos. Fabricados con AEROREADY para absorber la humedad, te mantienen seco incluso en los d\u00edas m\u00e1s ajetreados. Los bolsillos con cierre mantienen tus objetos esenciales seguros, sin importar lo que est\u00e9s haciendo. Este producto est\u00e1 fabricado con materiales 100 % reciclados. Al reutilizar materiales que ya se han creado, ayudamos a reducir los desechos y nuestra dependencia de recursos finitos, y reducimos la huella de los productos que fabricamos.  Ajuste regular  Cintura el\u00e1stica con cord\u00f3n.  100% poli\u00e9ster (reciclado)  Tejido que absorbe la humedad  AEROLISTO  Bolsillos delanteros con cremallera  Pierna c\u00f3nica  Cremalleras en los tobillos  Inserciones de costilla en la parte inferior de la pierna  Color: Negro \/ Blanco  C\u00f3digo de producto: IS0326                                                                                                                                                                                                                                                                                                                                                                                                                                                                                                                                                                                                                                                                                                                                                                                                                                                                                                                                                                                                                                        <\/p>\n","protected":false},"excerpt":{"rendered":"<p>PANTALONES SERENO PARA NI\u00f1OS<\/p>\n","protected":false},"featured_media":56731,"template":"","meta":[],"product_brand":[],"product_cat":[301],"product_tag":[18],"class_list":{"0":"post-43265","1":"product","2":"type-product","3":"status-publish","4":"has-post-thumbnail","6":"product_cat-nino_textil_pantalones","7":"product_tag-adidas","8":"pa_color-unico","9":"pa_talla-t-10","10":"pa_talla-t-12","11":"pa_talla-t-14","12":"thunk-woo-product-list","13":"opn-qv-enable","14":"open-woo-hover-","15":"open-single-product-tab-horizontal","16":"open-shadow-","17":"open-shadow-hover-","19":"first","20":"instock","21":"shipping-taxable","22":"purchasable","23":"product-type-variable"},"jetpack_sharing_enabled":true,"_links":{"self":[{"href":"https:\/\/www.deporteseli.com\/index.php?rest_route=\/wp\/v2\/product\/43265","targetHints":{"allow":["GET"]}}],"collection":[{"href":"https:\/\/www.deporteseli.com\/index.php?rest_route=\/wp\/v2\/product"}],"about":[{"href":"https:\/\/www.deporteseli.com\/index.php?rest_route=\/wp\/v2\/types\/product"}],"wp:featuredmedia":[{"embeddable":true,"href":"https:\/\/www.deporteseli.com\/index.php?rest_route=\/wp\/v2\/media\/56731"}],"wp:attachment":[{"href":"https:\/\/www.deporteseli.com\/index.php?rest_route=%2Fwp%2Fv2%2Fmedia&parent=43265"}],"wp:term":[{"taxonomy":"product_brand","embeddable":true,"href":"https:\/\/www.deporteseli.com\/index.php?rest_route=%2Fwp%2Fv2%2Fproduct_brand&post=43265"},{"taxonomy":"product_cat","embeddable":true,"href":"https:\/\/www.deporteseli.com\/index.php?rest_route=%2Fwp%2Fv2%2Fproduct_cat&post=43265"},{"taxonomy":"product_tag","embeddable":true,"href":"https:\/\/www.deporteseli.com\/index.php?rest_route=%2Fwp%2Fv2%2Fproduct_tag&post=43265"}],"curies":[{"name":"wp","href":"https:\/\/api.w.org\/{rel}","templated":true}]}}