{"id":43263,"date":"2026-01-27T20:01:53","date_gmt":"2026-01-27T20:01:53","guid":{"rendered":"https:\/\/www.deporteseli.com\/?product=malla-adidas-iy4192"},"modified":"2026-03-07T06:06:04","modified_gmt":"2026-03-07T06:06:04","slug":"malla-adidas-iy4192","status":"publish","type":"product","link":"https:\/\/www.deporteseli.com\/?product=malla-adidas-iy4192","title":{"rendered":"MALLA ADIDAS IY4192"},"content":{"rendered":"<p>Perfecto para estilismo deportivo y urbano. Los leggings W 3S de adidas son una base excelente para muchos conjuntos: brindan una sensaci\u00f3n de comodidad durante los ejercicios y las caminatas, y tambi\u00e9n te permiten lograr una apariencia atractiva. Comb\u00ednalos con una camiseta cl\u00e1sica, un top entallado o una sudadera y que tengas un gran d\u00eda.    corte ajustado  cintura el\u00e1stica  material de algod\u00f3n transpirable  colores marrones  3 rayas contrastantes a los lados de las piernas y el logo de la marca en el muslo                                                                                                                                                                                                                                                                                                                                                                                                                                                                                                                                                                                                                                                                                                                                                                                                                                                                                                                                                                                                                                        <\/p>\n","protected":false},"excerpt":{"rendered":"<p>MALLA ADIDAS IY4192<\/p>\n","protected":false},"featured_media":56728,"template":"","meta":[],"product_brand":[],"product_cat":[281],"product_tag":[18],"class_list":{"0":"post-43263","1":"product","2":"type-product","3":"status-publish","4":"has-post-thumbnail","6":"product_cat-mujer_textil_mallas","7":"product_tag-adidas","8":"pa_color-unico","9":"pa_talla-xl","10":"thunk-woo-product-list","11":"opn-qv-enable","12":"open-woo-hover-","13":"open-single-product-tab-horizontal","14":"open-shadow-","15":"open-shadow-hover-","17":"first","18":"instock","19":"shipping-taxable","20":"purchasable","21":"product-type-variable"},"jetpack_sharing_enabled":true,"_links":{"self":[{"href":"https:\/\/www.deporteseli.com\/index.php?rest_route=\/wp\/v2\/product\/43263","targetHints":{"allow":["GET"]}}],"collection":[{"href":"https:\/\/www.deporteseli.com\/index.php?rest_route=\/wp\/v2\/product"}],"about":[{"href":"https:\/\/www.deporteseli.com\/index.php?rest_route=\/wp\/v2\/types\/product"}],"wp:featuredmedia":[{"embeddable":true,"href":"https:\/\/www.deporteseli.com\/index.php?rest_route=\/wp\/v2\/media\/56728"}],"wp:attachment":[{"href":"https:\/\/www.deporteseli.com\/index.php?rest_route=%2Fwp%2Fv2%2Fmedia&parent=43263"}],"wp:term":[{"taxonomy":"product_brand","embeddable":true,"href":"https:\/\/www.deporteseli.com\/index.php?rest_route=%2Fwp%2Fv2%2Fproduct_brand&post=43263"},{"taxonomy":"product_cat","embeddable":true,"href":"https:\/\/www.deporteseli.com\/index.php?rest_route=%2Fwp%2Fv2%2Fproduct_cat&post=43263"},{"taxonomy":"product_tag","embeddable":true,"href":"https:\/\/www.deporteseli.com\/index.php?rest_route=%2Fwp%2Fv2%2Fproduct_tag&post=43263"}],"curies":[{"name":"wp","href":"https:\/\/api.w.org\/{rel}","templated":true}]}}