{"id":43260,"date":"2026-01-27T20:01:48","date_gmt":"2026-01-27T20:01:48","guid":{"rendered":"https:\/\/www.deporteseli.com\/?product=chandal-teamsport"},"modified":"2026-03-07T06:06:02","modified_gmt":"2026-03-07T06:06:02","slug":"chandal-teamsport","status":"publish","type":"product","link":"https:\/\/www.deporteseli.com\/?product=chandal-teamsport","title":{"rendered":"CH\u00e1NDAL TEAMSPORT"},"content":{"rendered":"<p>LA FUSI\u00d3N ENTRE PASADO Y PRESENTE  Un cl\u00e1sico de toda la vida que arrasa con su estilo actualizado. Esa es la principal y m\u00e1s importante definici\u00f3n de este ch\u00e1ndal Teamsport de adidas. Su silueta renovada traslada a este icono del pasado al presente. Los pu\u00f1os de canal\u00e9 y las cl\u00e1sicas 3 bandas en las mangas y las perneras despiertan un sentimiento de nostalgia. Su elegante tejido interlock te ofrece una gran comodidad durante todo el d\u00eda, ya sea para salir a tomar un caf\u00e9 con tus amigos o a hacer recados por la ciudad.    Al elegir materiales reciclados, podemos dar nueva vida a materiales que ya se han utilizado, lo que contribuye a reducir los residuos. La utilizaci\u00f3n de materiales renovables nos ayuda a acabar con nuestra dependencia de los recursos finitos. Nuestros productos fabricados con materiales reciclados y renovables contienen al menos un 70% de estos materiales.  Chaqueta de corte entallado y pantal\u00f3n de corte cl\u00e1sico  Cierre de cremallera y cuello alzado  53% algod\u00f3n \/ 47% poli\u00e9ster (reciclado)  Talle alto  Chaqueta con pu\u00f1os de canal\u00e9 y dobladillo el\u00e1stico  Cintura el\u00e1stica con cord\u00f3n  Contiene al menos un 70% de material reciclado y renovable  Color del art\u00edculo: Black \/ White  N\u00famero de art\u00edculo: IX1106                                                                                                                                                                                                                                                                                                                                                                                                                                                                                                                                                                                                                                                                                                                                                                                                                                                                                                                                                                                                                                        <\/p>\n","protected":false},"excerpt":{"rendered":"<p>CH\u00e1NDAL TEAMSPORT<\/p>\n","protected":false},"featured_media":56724,"template":"","meta":[],"product_brand":[],"product_cat":[273],"product_tag":[18],"class_list":{"0":"post-43260","1":"product","2":"type-product","3":"status-publish","4":"has-post-thumbnail","6":"product_cat-mujer_textil_chandals","7":"product_tag-adidas","8":"pa_color-unico","9":"pa_talla-l","10":"pa_talla-m","11":"thunk-woo-product-list","12":"opn-qv-enable","13":"open-woo-hover-","14":"open-single-product-tab-horizontal","15":"open-shadow-","16":"open-shadow-hover-","18":"first","19":"instock","20":"shipping-taxable","21":"purchasable","22":"product-type-variable"},"jetpack_sharing_enabled":true,"_links":{"self":[{"href":"https:\/\/www.deporteseli.com\/index.php?rest_route=\/wp\/v2\/product\/43260","targetHints":{"allow":["GET"]}}],"collection":[{"href":"https:\/\/www.deporteseli.com\/index.php?rest_route=\/wp\/v2\/product"}],"about":[{"href":"https:\/\/www.deporteseli.com\/index.php?rest_route=\/wp\/v2\/types\/product"}],"wp:featuredmedia":[{"embeddable":true,"href":"https:\/\/www.deporteseli.com\/index.php?rest_route=\/wp\/v2\/media\/56724"}],"wp:attachment":[{"href":"https:\/\/www.deporteseli.com\/index.php?rest_route=%2Fwp%2Fv2%2Fmedia&parent=43260"}],"wp:term":[{"taxonomy":"product_brand","embeddable":true,"href":"https:\/\/www.deporteseli.com\/index.php?rest_route=%2Fwp%2Fv2%2Fproduct_brand&post=43260"},{"taxonomy":"product_cat","embeddable":true,"href":"https:\/\/www.deporteseli.com\/index.php?rest_route=%2Fwp%2Fv2%2Fproduct_cat&post=43260"},{"taxonomy":"product_tag","embeddable":true,"href":"https:\/\/www.deporteseli.com\/index.php?rest_route=%2Fwp%2Fv2%2Fproduct_tag&post=43260"}],"curies":[{"name":"wp","href":"https:\/\/api.w.org\/{rel}","templated":true}]}}