{"id":43257,"date":"2026-01-27T20:01:45","date_gmt":"2026-01-27T20:01:45","guid":{"rendered":"https:\/\/www.deporteseli.com\/?product=licras-largas-optime-essentials-stay-in-play"},"modified":"2026-03-07T06:05:59","modified_gmt":"2026-03-07T06:05:59","slug":"licras-largas-optime-essentials-stay-in-play","status":"publish","type":"product","link":"https:\/\/www.deporteseli.com\/?product=licras-largas-optime-essentials-stay-in-play","title":{"rendered":"LICRAS LARGAS OPTIME ESSENTIALS STAY IN PLAY"},"content":{"rendered":"<p>LICRAS DE ENTRENAMIENTO CON TECNOLOG\u00cdA FLOW SHIELD HECHAS PARCIALMENTE CON MATERIALES RECICLADOS  Sin importar si est\u00e1s entrenando en intervalos de alta intensidad o practicando yoga, estas licras adidas se mueven contigo. La tecnolog\u00eda AEROREADY mantiene tu piel seca y c\u00f3moda. La cintura alta y el largo a lo largo de las piernas proporcionan cobertura y soporte para cualquier entrenamiento. Entrena con confianza incluso durante tu periodo con un dise\u00f1o absorbente.    Este producto est\u00e1 hecho con un m\u00ednimo de 70% de materiales reciclados Utilizando materiales reciclados reducimos el desperdicio, nuestra dependencia de los recursos finitos y la huella que generan los productos que fabricamos.  Ajuste ce\u00f1ido con pretina alta  Cintura el\u00e1stica  Tejido entrelazado 85% poli\u00e9ster reciclado, 15% elastano  Dise\u00f1o estilizado  AEROREADY  Pretina alta  Capas absorbentes de Flow Shield integradas  Dise\u00f1o con menos costuras  Tejido con tecnolog\u00eda de absorci\u00f3n  Color del art\u00edculo: Black  N\u00famero de art\u00edculo: IT2277                                                                                                                                                                                                                                                                                                                                                                                                                                                                                                                                                                                                                                                                                                                                                                                                                                                                                                                                                                                                                                        <\/p>\n","protected":false},"excerpt":{"rendered":"<p>LICRAS LARGAS OPTIME ESSENTIALS STAY IN PLAY<\/p>\n","protected":false},"featured_media":56719,"template":"","meta":[],"product_brand":[],"product_cat":[281],"product_tag":[18],"class_list":{"0":"post-43257","1":"product","2":"type-product","3":"status-publish","4":"has-post-thumbnail","6":"product_cat-mujer_textil_mallas","7":"product_tag-adidas","8":"pa_color-unico","9":"pa_talla-l","10":"pa_talla-s","11":"thunk-woo-product-list","12":"opn-qv-enable","13":"open-woo-hover-","14":"open-single-product-tab-horizontal","15":"open-shadow-","16":"open-shadow-hover-","18":"first","19":"instock","20":"shipping-taxable","21":"purchasable","22":"product-type-variable"},"jetpack_sharing_enabled":true,"_links":{"self":[{"href":"https:\/\/www.deporteseli.com\/index.php?rest_route=\/wp\/v2\/product\/43257","targetHints":{"allow":["GET"]}}],"collection":[{"href":"https:\/\/www.deporteseli.com\/index.php?rest_route=\/wp\/v2\/product"}],"about":[{"href":"https:\/\/www.deporteseli.com\/index.php?rest_route=\/wp\/v2\/types\/product"}],"wp:featuredmedia":[{"embeddable":true,"href":"https:\/\/www.deporteseli.com\/index.php?rest_route=\/wp\/v2\/media\/56719"}],"wp:attachment":[{"href":"https:\/\/www.deporteseli.com\/index.php?rest_route=%2Fwp%2Fv2%2Fmedia&parent=43257"}],"wp:term":[{"taxonomy":"product_brand","embeddable":true,"href":"https:\/\/www.deporteseli.com\/index.php?rest_route=%2Fwp%2Fv2%2Fproduct_brand&post=43257"},{"taxonomy":"product_cat","embeddable":true,"href":"https:\/\/www.deporteseli.com\/index.php?rest_route=%2Fwp%2Fv2%2Fproduct_cat&post=43257"},{"taxonomy":"product_tag","embeddable":true,"href":"https:\/\/www.deporteseli.com\/index.php?rest_route=%2Fwp%2Fv2%2Fproduct_tag&post=43257"}],"curies":[{"name":"wp","href":"https:\/\/api.w.org\/{rel}","templated":true}]}}