{"id":43247,"date":"2026-01-27T20:01:30","date_gmt":"2026-01-27T20:01:30","guid":{"rendered":"https:\/\/www.deporteseli.com\/?product=fila-1af43003-000-memoria-full-blanco-anton"},"modified":"2026-02-17T05:18:38","modified_gmt":"2026-02-17T05:18:38","slug":"fila-1af43003-000-memoria-full-blanco-anton","status":"publish","type":"product","link":"https:\/\/www.deporteseli.com\/?product=fila-1af43003-000-memoria-full-blanco-anton","title":{"rendered":"FILA 1AF43003-000 MEMORIA FULL BLANCO ANTON"},"content":{"rendered":"<p>viscoel\u00e1stica para mayor comodidad ofrecen un tacto suave y relajante. La parte superior de cuero sint\u00e9tico y la suela de goma ofrecen una pisada segura y un agarre que dura incluso en d\u00edas lluviosos. Informaci\u00f3n \u2022 Cuero sint\u00e9tico suave en la parte superior \u2022 Ajuste regular \u2022 Tecnolog\u00eda Nanobionic RE-3 que ofrece mayor fuerza y ??recuperaci\u00f3n a tus m\u00fasculos \u2022 Plantilla de espuma viscoel\u00e1stica para una caminata c\u00f3moda y relajante \u2022 Suela de goma para tracci\u00f3n y comodidad \u2022 Bolsillo en la leng\u00fceta para f\u00e1cil aplicaci\u00f3n \u2022 Corbata con cordones Detalles Extra \u2022 Dise\u00f1o: Fila \u2022 Color: blanco                                                                                                                                                                                                                                                                                                                                                                                                                                                                                                                                                                                                                                                                                                                                                                                                                                                                                                                                                                                                                                        <\/p>\n","protected":false},"excerpt":{"rendered":"<p>FILA 1AF43003-000 MEMORIA FULL BLANCO ANTON<\/p>\n","protected":false},"featured_media":56706,"template":"","meta":[],"product_brand":[],"product_cat":[287],"product_tag":[46],"class_list":{"0":"post-43247","1":"product","2":"type-product","3":"status-publish","4":"has-post-thumbnail","6":"product_cat-mujer_calzado_casual","7":"product_tag-fila","8":"pa_color-unico","9":"pa_talla-145","10":"pa_talla-147","11":"pa_talla-149","12":"thunk-woo-product-list","13":"opn-qv-enable","14":"open-woo-hover-","15":"open-single-product-tab-horizontal","16":"open-shadow-","17":"open-shadow-hover-","19":"first","20":"instock","21":"sale","22":"shipping-taxable","23":"purchasable","24":"product-type-variable"},"jetpack_sharing_enabled":true,"_links":{"self":[{"href":"https:\/\/www.deporteseli.com\/index.php?rest_route=\/wp\/v2\/product\/43247","targetHints":{"allow":["GET"]}}],"collection":[{"href":"https:\/\/www.deporteseli.com\/index.php?rest_route=\/wp\/v2\/product"}],"about":[{"href":"https:\/\/www.deporteseli.com\/index.php?rest_route=\/wp\/v2\/types\/product"}],"wp:featuredmedia":[{"embeddable":true,"href":"https:\/\/www.deporteseli.com\/index.php?rest_route=\/wp\/v2\/media\/56706"}],"wp:attachment":[{"href":"https:\/\/www.deporteseli.com\/index.php?rest_route=%2Fwp%2Fv2%2Fmedia&parent=43247"}],"wp:term":[{"taxonomy":"product_brand","embeddable":true,"href":"https:\/\/www.deporteseli.com\/index.php?rest_route=%2Fwp%2Fv2%2Fproduct_brand&post=43247"},{"taxonomy":"product_cat","embeddable":true,"href":"https:\/\/www.deporteseli.com\/index.php?rest_route=%2Fwp%2Fv2%2Fproduct_cat&post=43247"},{"taxonomy":"product_tag","embeddable":true,"href":"https:\/\/www.deporteseli.com\/index.php?rest_route=%2Fwp%2Fv2%2Fproduct_tag&post=43247"}],"curies":[{"name":"wp","href":"https:\/\/api.w.org\/{rel}","templated":true}]}}