{"id":43236,"date":"2026-01-27T20:01:14","date_gmt":"2026-01-27T20:01:14","guid":{"rendered":"https:\/\/www.deporteseli.com\/?product=sujetador-deportivo-para-entrenamientos"},"modified":"2026-03-07T06:05:47","modified_gmt":"2026-03-07T06:05:47","slug":"sujetador-deportivo-para-entrenamientos","status":"publish","type":"product","link":"https:\/\/www.deporteseli.com\/?product=sujetador-deportivo-para-entrenamientos","title":{"rendered":"SUJETADOR DEPORTIVO PARA ENTRENAMIENTOS"},"content":{"rendered":"<p>SUJETADOR DEPORTIVO PARA ENTRENAMIENTOS DIARIOS    Ponte este sujetador deportivo Reebok de espalda triangular y llena de estilo tu sesi\u00f3n de entrenamiento. El escote en V crea un look favorecedor. Los tirantes forman un patr\u00f3n triangular en la espalda y la abertura inferior a\u00f1ade transpirabilidad. La tecnolog\u00eda Speedwick te mantiene c\u00f3moda y seca mientras levantas peso.  Ajuste ce\u00f1ido  Cuello en V suave  91 % tejido Speedwick de poli\u00e9ster \/ 9 % elastano  Art\u00edculo dise\u00f1ado para: todos los entrenamientos  Art\u00edculo dise\u00f1ado para medio impacto  Almohadillas extra\u00edbles  Inserci\u00f3n posterior de malla                                                                                                                                                                                                                                                                                                                                                                                                                                                                                                                                                                                                                                                                                                                                                                                                                                                                                                                                                                                                                                        <\/p>\n","protected":false},"excerpt":{"rendered":"<p>SUJETADOR DEPORTIVO PARA ENTRENAMIENTOS<\/p>\n","protected":false},"featured_media":56698,"template":"","meta":[],"product_brand":[],"product_cat":[275],"product_tag":[41],"class_list":{"0":"post-43236","1":"product","2":"type-product","3":"status-publish","4":"has-post-thumbnail","6":"product_cat-mujer_textil_top","7":"product_tag-reebok","8":"pa_color-unico","9":"pa_talla-s","10":"thunk-woo-product-list","11":"opn-qv-enable","12":"open-woo-hover-","13":"open-single-product-tab-horizontal","14":"open-shadow-","15":"open-shadow-hover-","17":"first","18":"instock","19":"shipping-taxable","20":"purchasable","21":"product-type-variable"},"jetpack_sharing_enabled":true,"_links":{"self":[{"href":"https:\/\/www.deporteseli.com\/index.php?rest_route=\/wp\/v2\/product\/43236","targetHints":{"allow":["GET"]}}],"collection":[{"href":"https:\/\/www.deporteseli.com\/index.php?rest_route=\/wp\/v2\/product"}],"about":[{"href":"https:\/\/www.deporteseli.com\/index.php?rest_route=\/wp\/v2\/types\/product"}],"wp:featuredmedia":[{"embeddable":true,"href":"https:\/\/www.deporteseli.com\/index.php?rest_route=\/wp\/v2\/media\/56698"}],"wp:attachment":[{"href":"https:\/\/www.deporteseli.com\/index.php?rest_route=%2Fwp%2Fv2%2Fmedia&parent=43236"}],"wp:term":[{"taxonomy":"product_brand","embeddable":true,"href":"https:\/\/www.deporteseli.com\/index.php?rest_route=%2Fwp%2Fv2%2Fproduct_brand&post=43236"},{"taxonomy":"product_cat","embeddable":true,"href":"https:\/\/www.deporteseli.com\/index.php?rest_route=%2Fwp%2Fv2%2Fproduct_cat&post=43236"},{"taxonomy":"product_tag","embeddable":true,"href":"https:\/\/www.deporteseli.com\/index.php?rest_route=%2Fwp%2Fv2%2Fproduct_tag&post=43236"}],"curies":[{"name":"wp","href":"https:\/\/api.w.org\/{rel}","templated":true}]}}