{"id":43229,"date":"2026-01-27T20:01:05","date_gmt":"2026-01-27T20:01:05","guid":{"rendered":"https:\/\/www.deporteseli.com\/?product=mallas-7-8-optime-adolescentes"},"modified":"2026-03-07T06:05:46","modified_gmt":"2026-03-07T06:05:46","slug":"mallas-7-8-optime-adolescentes","status":"publish","type":"product","link":"https:\/\/www.deporteseli.com\/?product=mallas-7-8-optime-adolescentes","title":{"rendered":"MALLAS 7\/8 OPTIME (ADOLESCENTES)"},"content":{"rendered":"<p>DESATA TU ENERG\u00cdA  Combina estas mallas adidas para j\u00f3venes din\u00e1micas con una camiseta lisa o una de tirantes. El estampado de inspiraci\u00f3n animal a\u00f1ade un toque extra de estilo a tus looks informales. Prepara nuevas coreograf\u00edas o queda con tus amigas para dar una vuelta. Nada podr\u00e1 pararte. La tecnolog\u00eda transpirable AEROREADY mantiene la piel seca y la cintura el\u00e1stica de talle alto te ofrece mayor cobertura y comodidad en todo tipo de actividades. Este producto contiene al menos un 70% de materiales reciclados. Utilizando materiales reciclados, reducimos los residuos, nuestra dependencia de los recursos finitos y la huella que generan los productos que fabricamos.  Corte ajustado  Cintura el\u00e1stica de talle alto  89% poli\u00e9ster (reciclado) \/ 11% elastano  Bolsillos laterales  Largo por encima del tobillo  Color del art\u00edculo: Sandy Pink \/ Shadow Fig \/ Reflective Silver  N\u00famero de art\u00edculo: IW3280                                                                                                                                                                                                                                                                                                                                                                                                                                                                                                                                                                                                                                                                                                                                                                                                                                                                                                                                                                                                                                        <\/p>\n","protected":false},"excerpt":{"rendered":"<p>MALLAS 7\/8 OPTIME (ADOLESCENTES)<\/p>\n","protected":false},"featured_media":56692,"template":"","meta":[],"product_brand":[],"product_cat":[386],"product_tag":[18],"class_list":{"0":"post-43229","1":"product","2":"type-product","3":"status-publish","4":"has-post-thumbnail","6":"product_cat-ninas_textil_mallas","7":"product_tag-adidas","8":"pa_color-unico","9":"pa_talla-t-10","10":"pa_talla-t-12","11":"pa_talla-t-14","12":"thunk-woo-product-list","13":"opn-qv-enable","14":"open-woo-hover-","15":"open-single-product-tab-horizontal","16":"open-shadow-","17":"open-shadow-hover-","19":"first","20":"instock","21":"shipping-taxable","22":"purchasable","23":"product-type-variable"},"jetpack_sharing_enabled":true,"_links":{"self":[{"href":"https:\/\/www.deporteseli.com\/index.php?rest_route=\/wp\/v2\/product\/43229","targetHints":{"allow":["GET"]}}],"collection":[{"href":"https:\/\/www.deporteseli.com\/index.php?rest_route=\/wp\/v2\/product"}],"about":[{"href":"https:\/\/www.deporteseli.com\/index.php?rest_route=\/wp\/v2\/types\/product"}],"wp:featuredmedia":[{"embeddable":true,"href":"https:\/\/www.deporteseli.com\/index.php?rest_route=\/wp\/v2\/media\/56692"}],"wp:attachment":[{"href":"https:\/\/www.deporteseli.com\/index.php?rest_route=%2Fwp%2Fv2%2Fmedia&parent=43229"}],"wp:term":[{"taxonomy":"product_brand","embeddable":true,"href":"https:\/\/www.deporteseli.com\/index.php?rest_route=%2Fwp%2Fv2%2Fproduct_brand&post=43229"},{"taxonomy":"product_cat","embeddable":true,"href":"https:\/\/www.deporteseli.com\/index.php?rest_route=%2Fwp%2Fv2%2Fproduct_cat&post=43229"},{"taxonomy":"product_tag","embeddable":true,"href":"https:\/\/www.deporteseli.com\/index.php?rest_route=%2Fwp%2Fv2%2Fproduct_tag&post=43229"}],"curies":[{"name":"wp","href":"https:\/\/api.w.org\/{rel}","templated":true}]}}