{"id":43225,"date":"2026-01-27T20:00:58","date_gmt":"2026-01-27T20:00:58","guid":{"rendered":"https:\/\/www.deporteseli.com\/?product=balon-segunda-equipacion-real-madrid-club"},"modified":"2026-02-21T05:18:08","modified_gmt":"2026-02-21T05:18:08","slug":"balon-segunda-equipacion-real-madrid-club","status":"publish","type":"product","link":"https:\/\/www.deporteseli.com\/?product=balon-segunda-equipacion-real-madrid-club","title":{"rendered":"BAL\u00f3N SEGUNDA EQUIPACI\u00f3N REAL MADRID CLUB"},"content":{"rendered":"<p>GOLEA CON LA FUERZA DEL REAL MADRID  Adel\u00e1ntate a tus rivales en el marcador con este bal\u00f3n adidas del Real Madrid. Presenta una cubierta de poliuretano resistente al desgaste y una superficie cosida a m\u00e1quina que te garantiza un excelente control y rendimiento mientras perfeccionas tus saques de falta o juegas un partidillo. Los colores de la segunda equipaci\u00f3n y el escudo te identifican como aut\u00e9ntico hincha del club.  Cubierta 100% poliuretano  Cosido a m\u00e1quina  C\u00e1mara de butilo  Escudo del Real Madrid estampado  Es necesario inflarlo  Color del art\u00edculo: Charcoal \/ Grey \/ Putty Mauve  N\u00famero de art\u00edculo: IX4021                                                                                                                                                                                                                                                                                                                                                                                                                                                                                                                                                                                                                                                                                                                                                                                                                                                                                                                                                                                                                                        <\/p>\n","protected":false},"excerpt":{"rendered":"<p>BAL\u00f3N SEGUNDA EQUIPACI\u00f3N REAL MADRID CLUB<\/p>\n","protected":false},"featured_media":56686,"template":"","meta":[],"product_brand":[],"product_cat":[347],"product_tag":[18],"class_list":{"0":"post-43225","1":"product","2":"type-product","3":"status-publish","4":"has-post-thumbnail","6":"product_cat-deportes_balones","7":"product_tag-adidas","8":"pa_color-unico","9":"pa_talla-169","10":"thunk-woo-product-list","11":"opn-qv-enable","12":"open-woo-hover-","13":"open-single-product-tab-horizontal","14":"open-shadow-","15":"open-shadow-hover-","17":"first","18":"instock","19":"shipping-taxable","20":"purchasable","21":"product-type-variable"},"jetpack_sharing_enabled":true,"_links":{"self":[{"href":"https:\/\/www.deporteseli.com\/index.php?rest_route=\/wp\/v2\/product\/43225","targetHints":{"allow":["GET"]}}],"collection":[{"href":"https:\/\/www.deporteseli.com\/index.php?rest_route=\/wp\/v2\/product"}],"about":[{"href":"https:\/\/www.deporteseli.com\/index.php?rest_route=\/wp\/v2\/types\/product"}],"wp:featuredmedia":[{"embeddable":true,"href":"https:\/\/www.deporteseli.com\/index.php?rest_route=\/wp\/v2\/media\/56686"}],"wp:attachment":[{"href":"https:\/\/www.deporteseli.com\/index.php?rest_route=%2Fwp%2Fv2%2Fmedia&parent=43225"}],"wp:term":[{"taxonomy":"product_brand","embeddable":true,"href":"https:\/\/www.deporteseli.com\/index.php?rest_route=%2Fwp%2Fv2%2Fproduct_brand&post=43225"},{"taxonomy":"product_cat","embeddable":true,"href":"https:\/\/www.deporteseli.com\/index.php?rest_route=%2Fwp%2Fv2%2Fproduct_cat&post=43225"},{"taxonomy":"product_tag","embeddable":true,"href":"https:\/\/www.deporteseli.com\/index.php?rest_route=%2Fwp%2Fv2%2Fproduct_tag&post=43225"}],"curies":[{"name":"wp","href":"https:\/\/api.w.org\/{rel}","templated":true}]}}