{"id":43179,"date":"2026-01-27T19:59:52","date_gmt":"2026-01-27T19:59:52","guid":{"rendered":"https:\/\/www.deporteseli.com\/?product=calcetin-head-h701229022"},"modified":"2026-04-19T04:17:29","modified_gmt":"2026-04-19T04:17:29","slug":"calcetin-head-h701229022","status":"publish","type":"product","link":"https:\/\/www.deporteseli.com\/?product=calcetin-head-h701229022","title":{"rendered":"CALCETIN HEAD H701229022"},"content":{"rendered":"<p>Lado \u201ccorto\u201d:    Estos  calcetines Head Performance Quarter  garantizan una excelente  comodidad  para tus partidos de tenis y sesiones de entrenamiento.    Gracias a su tejido suave y agradable te ofrecer\u00e1n el m\u00e1ximo  confort . Te brindar\u00e1n un excelente soporte a nivel del arco para mejorar la  estabilidad  de tu pie en tus zapatillas deportivas y tenis. La suela tambi\u00e9n est\u00e1 acolchada para una mejor  absorci\u00f3n  de impactos  .    En cuanto al dise\u00f1o, estos calcetines complementar\u00e1n perfectamente tu conjunto de tenis.    Paquete de 2 pares                                                                                                                                                                                                                                                                                                                                                                                                                                                                                                                                                                                                                                                                                                                                                                                                                                                                                                                                                                                                                                        <\/p>\n","protected":false},"excerpt":{"rendered":"<p>CALCETIN HEAD H701229022<\/p>\n","protected":false},"featured_media":56663,"template":"","meta":[],"product_brand":[],"product_cat":[400],"product_tag":[22],"class_list":{"0":"post-43179","1":"product","2":"type-product","3":"status-publish","4":"has-post-thumbnail","6":"product_cat-accesorios_calcetines","7":"product_tag-head","8":"pa_color-blanco","9":"pa_color-gris","10":"pa_color-marino","11":"pa_color-negro","12":"pa_talla-35-38","13":"pa_talla-39-42","14":"pa_talla-43-46","15":"thunk-woo-product-list","16":"opn-qv-enable","17":"open-woo-hover-","18":"open-single-product-tab-horizontal","19":"open-shadow-","20":"open-shadow-hover-","22":"first","23":"instock","24":"shipping-taxable","25":"purchasable","26":"product-type-variable"},"jetpack_sharing_enabled":true,"_links":{"self":[{"href":"https:\/\/www.deporteseli.com\/index.php?rest_route=\/wp\/v2\/product\/43179","targetHints":{"allow":["GET"]}}],"collection":[{"href":"https:\/\/www.deporteseli.com\/index.php?rest_route=\/wp\/v2\/product"}],"about":[{"href":"https:\/\/www.deporteseli.com\/index.php?rest_route=\/wp\/v2\/types\/product"}],"wp:featuredmedia":[{"embeddable":true,"href":"https:\/\/www.deporteseli.com\/index.php?rest_route=\/wp\/v2\/media\/56663"}],"wp:attachment":[{"href":"https:\/\/www.deporteseli.com\/index.php?rest_route=%2Fwp%2Fv2%2Fmedia&parent=43179"}],"wp:term":[{"taxonomy":"product_brand","embeddable":true,"href":"https:\/\/www.deporteseli.com\/index.php?rest_route=%2Fwp%2Fv2%2Fproduct_brand&post=43179"},{"taxonomy":"product_cat","embeddable":true,"href":"https:\/\/www.deporteseli.com\/index.php?rest_route=%2Fwp%2Fv2%2Fproduct_cat&post=43179"},{"taxonomy":"product_tag","embeddable":true,"href":"https:\/\/www.deporteseli.com\/index.php?rest_route=%2Fwp%2Fv2%2Fproduct_tag&post=43179"}],"curies":[{"name":"wp","href":"https:\/\/api.w.org\/{rel}","templated":true}]}}