{"id":43170,"date":"2026-01-27T19:59:34","date_gmt":"2026-01-27T19:59:34","guid":{"rendered":"https:\/\/www.deporteseli.com\/?product=calcetin-head-h701229015"},"modified":"2026-04-18T04:18:30","modified_gmt":"2026-04-18T04:18:30","slug":"calcetin-head-h701229015","status":"publish","type":"product","link":"https:\/\/www.deporteseli.com\/?product=calcetin-head-h701229015","title":{"rendered":"CALCETIN HEAD H701229015"},"content":{"rendered":"<p>Estos calcetines proporcionan un ajuste perfecto, con tal\u00f3n real y suela acolchada para reducir la presi\u00f3n sobre el pie. Vienen en un paquete de 3.    Ajuste perfecto  Algod\u00f3n suave  Suela acolchada  Composici\u00f3n: 70 % algod\u00f3n, 16 % poli\u00e9ster, 11 % poliamida, 3 % elastano                                                                                                                                                                                                                                                                                                                                                                                                                                                                                                                                                                                                                                                                                                                                                                                                                                                                                                                                                                                                                                        <\/p>\n","protected":false},"excerpt":{"rendered":"<p>CALCETIN HEAD H701229015<\/p>\n","protected":false},"featured_media":56660,"template":"","meta":[],"product_brand":[],"product_cat":[400],"product_tag":[22],"class_list":{"0":"post-43170","1":"product","2":"type-product","3":"status-publish","4":"has-post-thumbnail","6":"product_cat-accesorios_calcetines","7":"product_tag-head","8":"pa_color-blanco","9":"pa_color-gris","10":"pa_color-marino","11":"pa_color-negro","12":"pa_talla-35-38","13":"pa_talla-39-42","14":"pa_talla-43-46","15":"thunk-woo-product-list","16":"opn-qv-enable","17":"open-woo-hover-","18":"open-single-product-tab-horizontal","19":"open-shadow-","20":"open-shadow-hover-","22":"first","23":"instock","24":"shipping-taxable","25":"purchasable","26":"product-type-variable"},"jetpack_sharing_enabled":true,"_links":{"self":[{"href":"https:\/\/www.deporteseli.com\/index.php?rest_route=\/wp\/v2\/product\/43170","targetHints":{"allow":["GET"]}}],"collection":[{"href":"https:\/\/www.deporteseli.com\/index.php?rest_route=\/wp\/v2\/product"}],"about":[{"href":"https:\/\/www.deporteseli.com\/index.php?rest_route=\/wp\/v2\/types\/product"}],"wp:featuredmedia":[{"embeddable":true,"href":"https:\/\/www.deporteseli.com\/index.php?rest_route=\/wp\/v2\/media\/56660"}],"wp:attachment":[{"href":"https:\/\/www.deporteseli.com\/index.php?rest_route=%2Fwp%2Fv2%2Fmedia&parent=43170"}],"wp:term":[{"taxonomy":"product_brand","embeddable":true,"href":"https:\/\/www.deporteseli.com\/index.php?rest_route=%2Fwp%2Fv2%2Fproduct_brand&post=43170"},{"taxonomy":"product_cat","embeddable":true,"href":"https:\/\/www.deporteseli.com\/index.php?rest_route=%2Fwp%2Fv2%2Fproduct_cat&post=43170"},{"taxonomy":"product_tag","embeddable":true,"href":"https:\/\/www.deporteseli.com\/index.php?rest_route=%2Fwp%2Fv2%2Fproduct_tag&post=43170"}],"curies":[{"name":"wp","href":"https:\/\/api.w.org\/{rel}","templated":true}]}}