{"id":43159,"date":"2026-01-27T19:59:19","date_gmt":"2026-01-27T19:59:19","guid":{"rendered":"https:\/\/www.deporteseli.com\/?product=calcetin-head-h701229017"},"modified":"2026-04-22T04:17:55","modified_gmt":"2026-04-22T04:17:55","slug":"calcetin-head-h701229017","status":"publish","type":"product","link":"https:\/\/www.deporteseli.com\/?product=calcetin-head-h701229017","title":{"rendered":"CALCETIN HEAD H701229017"},"content":{"rendered":"<p>Calcetines de entrenamiento unisex HEAD para todos los deportes, paquete de 3.    HEAD ofrece comodidad con estilo con los calcetines de media ca\u00f1a para hombres y mujeres.    Experimentar\u00e1s la m\u00e1xima comodidad en la piel gracias al algod\u00f3n suave.    Otro detalle elegante es la costura plana en la puntera para evitar la irritaci\u00f3n.    Viene en un paquete de 3 en blanco, gris y negro.    Mejora tu estilo con los calcetines de media ca\u00f1a unisex HEAD.    Caracter\u00edsticas:    Costura plana en la puntera para evitar la irritaci\u00f3n.    Algod\u00f3n suave.    Calcetines vers\u00e1tiles.    Rematados con la ic\u00f3nica marca HEAD.    La base perfecta para cualquier atuendo.                                                                                                                                                                                                                                                                                                                                                                                                                                                                                                                                                                                                                                                                                                                                                                                                                                                                                                                                                                                                                                        <\/p>\n","protected":false},"excerpt":{"rendered":"<p>CALCETIN HEAD H701229017<\/p>\n","protected":false},"featured_media":56658,"template":"","meta":[],"product_brand":[],"product_cat":[400],"product_tag":[22],"class_list":{"0":"post-43159","1":"product","2":"type-product","3":"status-publish","4":"has-post-thumbnail","6":"product_cat-accesorios_calcetines","7":"product_tag-head","8":"pa_color-blanco","9":"pa_color-gris","10":"pa_color-marino","11":"pa_color-negro","12":"pa_talla-31-34","13":"pa_talla-35-38","14":"pa_talla-39-42","15":"pa_talla-43-46","16":"thunk-woo-product-list","17":"opn-qv-enable","18":"open-woo-hover-","19":"open-single-product-tab-horizontal","20":"open-shadow-","21":"open-shadow-hover-","23":"first","24":"instock","25":"shipping-taxable","26":"purchasable","27":"product-type-variable"},"jetpack_sharing_enabled":true,"_links":{"self":[{"href":"https:\/\/www.deporteseli.com\/index.php?rest_route=\/wp\/v2\/product\/43159","targetHints":{"allow":["GET"]}}],"collection":[{"href":"https:\/\/www.deporteseli.com\/index.php?rest_route=\/wp\/v2\/product"}],"about":[{"href":"https:\/\/www.deporteseli.com\/index.php?rest_route=\/wp\/v2\/types\/product"}],"wp:featuredmedia":[{"embeddable":true,"href":"https:\/\/www.deporteseli.com\/index.php?rest_route=\/wp\/v2\/media\/56658"}],"wp:attachment":[{"href":"https:\/\/www.deporteseli.com\/index.php?rest_route=%2Fwp%2Fv2%2Fmedia&parent=43159"}],"wp:term":[{"taxonomy":"product_brand","embeddable":true,"href":"https:\/\/www.deporteseli.com\/index.php?rest_route=%2Fwp%2Fv2%2Fproduct_brand&post=43159"},{"taxonomy":"product_cat","embeddable":true,"href":"https:\/\/www.deporteseli.com\/index.php?rest_route=%2Fwp%2Fv2%2Fproduct_cat&post=43159"},{"taxonomy":"product_tag","embeddable":true,"href":"https:\/\/www.deporteseli.com\/index.php?rest_route=%2Fwp%2Fv2%2Fproduct_tag&post=43159"}],"curies":[{"name":"wp","href":"https:\/\/api.w.org\/{rel}","templated":true}]}}