{"id":43152,"date":"2026-01-27T19:59:11","date_gmt":"2026-01-27T19:59:11","guid":{"rendered":"https:\/\/www.deporteseli.com\/?product=bote-head-padel-pro-s"},"modified":"2026-01-27T19:59:11","modified_gmt":"2026-01-27T19:59:11","slug":"bote-head-padel-pro-s","status":"publish","type":"product","link":"https:\/\/www.deporteseli.com\/?product=bote-head-padel-pro-s","title":{"rendered":"BOTE HEAD PADEL PRO S"},"content":{"rendered":"<p>Mejora tu juego con el modelo Head Padel Pro S   \u00bfQuieres m\u00e1s velocidad y emoci\u00f3n en la pista? La pelota HEAD PADEL PRO S , con mayor dureza y rebote, permite un juego mucho m\u00e1s r\u00e1pido y es m\u00e1s f\u00e1cil sacarla x3 y x4 con la m\u00e1xima potencia.    Para un extra de durabilidad, el n\u00facleo se ha fabricado a partir de una nueva f\u00f3rmula, lo que asegura que esta pelota de competici\u00f3n mantendr\u00e1 su presi\u00f3n durante m\u00e1s tiempo. El nuevo fieltro, desarrollado exclusivamente para p\u00e1del, mejora tambi\u00e9n la durabilidad de la pelota, permitiendo un juego r\u00e1pido durante m\u00e1s tiempo.    Para reducir el impacto medioambiental, la HEAD PADEL PRO S  se presenta en un embalaje m\u00e1s sostenible, cuyos elementos se pueden separar f\u00e1cilmente para su reciclaje.    Caracter\u00edsticas T\u00e9cnicas  Dise\u00f1ada para un juego m\u00e1s r\u00e1pido.  Nueva f\u00f3rmula para el n\u00facleo que mantiene la presi\u00f3n durante m\u00e1s tiempo.  El nuevo fieltro desarrollado exclusivamente para p\u00e1del mejora la durabilidad.  Dise\u00f1o del tubo m\u00e1s sostenible y f\u00e1cil de reciclar.  Puede fabricarse con un 35% de PET reciclado.  Detalle  Este bote contiene de 3 bolas.  Color: Amarillo  Referencia: 540303                                                                                                                                                                                                                                                                                                                                                                                                                                                                                                                                                                                                                                                                                                                                                                                                                                                                                                                                                                                                                                        <\/p>\n","protected":false},"excerpt":{"rendered":"<p>BOTE HEAD PADEL PRO S <\/p>\n","protected":false},"featured_media":56654,"template":"","meta":[],"product_brand":[],"product_cat":[356],"product_tag":[22],"class_list":{"0":"post-43152","1":"product","2":"type-product","3":"status-publish","4":"has-post-thumbnail","6":"product_cat-padel_y_tenis_bolas","7":"product_tag-head","8":"thunk-woo-product-list","9":"opn-qv-enable","10":"open-woo-hover-","11":"open-single-product-tab-horizontal","12":"open-shadow-","13":"open-shadow-hover-","15":"first","16":"instock","17":"shipping-taxable","18":"purchasable","19":"product-type-simple"},"jetpack_sharing_enabled":true,"_links":{"self":[{"href":"https:\/\/www.deporteseli.com\/index.php?rest_route=\/wp\/v2\/product\/43152","targetHints":{"allow":["GET"]}}],"collection":[{"href":"https:\/\/www.deporteseli.com\/index.php?rest_route=\/wp\/v2\/product"}],"about":[{"href":"https:\/\/www.deporteseli.com\/index.php?rest_route=\/wp\/v2\/types\/product"}],"wp:featuredmedia":[{"embeddable":true,"href":"https:\/\/www.deporteseli.com\/index.php?rest_route=\/wp\/v2\/media\/56654"}],"wp:attachment":[{"href":"https:\/\/www.deporteseli.com\/index.php?rest_route=%2Fwp%2Fv2%2Fmedia&parent=43152"}],"wp:term":[{"taxonomy":"product_brand","embeddable":true,"href":"https:\/\/www.deporteseli.com\/index.php?rest_route=%2Fwp%2Fv2%2Fproduct_brand&post=43152"},{"taxonomy":"product_cat","embeddable":true,"href":"https:\/\/www.deporteseli.com\/index.php?rest_route=%2Fwp%2Fv2%2Fproduct_cat&post=43152"},{"taxonomy":"product_tag","embeddable":true,"href":"https:\/\/www.deporteseli.com\/index.php?rest_route=%2Fwp%2Fv2%2Fproduct_tag&post=43152"}],"curies":[{"name":"wp","href":"https:\/\/api.w.org\/{rel}","templated":true}]}}