{"id":43151,"date":"2026-01-27T19:59:09","date_gmt":"2026-01-27T19:59:09","guid":{"rendered":"https:\/\/www.deporteseli.com\/?product=head-padel-pro-bote-de-3"},"modified":"2026-01-27T19:59:09","modified_gmt":"2026-01-27T19:59:09","slug":"head-padel-pro-bote-de-3","status":"publish","type":"product","link":"https:\/\/www.deporteseli.com\/?product=head-padel-pro-bote-de-3","title":{"rendered":"HEAD PADEL PRO  BOTE DE 3"},"content":{"rendered":"<p>HEAD PADEL PRO  BOTE DE 3  Pelotas HEAD Padel Pro  bolas de excelente control gracias a una pared m\u00e1s delgada con un n\u00facleo fabricado con una nueva f\u00f3rmula que garantiza el mantenimiento de la presi\u00f3n durante un mayor tiempo.    Gracias a su nuevo fieltro la HEAD Padel PRO es una bola de mayor durabilidad.     Envasada de forma m\u00e1s sostenible con un nuevo dise\u00f1o que hace que el tubo sea m\u00e1s ecol\u00f3gico y f\u00e1cil de reciclar.                                                                                                                                                                                                                                                                                                                                                                                                                                                                                                                                                                                                                                                                                                                                                                                                                                                                                                                                                                                                                                        <\/p>\n","protected":false},"excerpt":{"rendered":"<p>HEAD PADEL PRO  BOTE DE 3<\/p>\n","protected":false},"featured_media":56652,"template":"","meta":[],"product_brand":[],"product_cat":[356],"product_tag":[22],"class_list":{"0":"post-43151","1":"product","2":"type-product","3":"status-publish","4":"has-post-thumbnail","6":"product_cat-padel_y_tenis_bolas","7":"product_tag-head","8":"thunk-woo-product-list","9":"opn-qv-enable","10":"open-woo-hover-","11":"open-single-product-tab-horizontal","12":"open-shadow-","13":"open-shadow-hover-","15":"first","16":"instock","17":"shipping-taxable","18":"purchasable","19":"product-type-simple"},"jetpack_sharing_enabled":true,"_links":{"self":[{"href":"https:\/\/www.deporteseli.com\/index.php?rest_route=\/wp\/v2\/product\/43151","targetHints":{"allow":["GET"]}}],"collection":[{"href":"https:\/\/www.deporteseli.com\/index.php?rest_route=\/wp\/v2\/product"}],"about":[{"href":"https:\/\/www.deporteseli.com\/index.php?rest_route=\/wp\/v2\/types\/product"}],"wp:featuredmedia":[{"embeddable":true,"href":"https:\/\/www.deporteseli.com\/index.php?rest_route=\/wp\/v2\/media\/56652"}],"wp:attachment":[{"href":"https:\/\/www.deporteseli.com\/index.php?rest_route=%2Fwp%2Fv2%2Fmedia&parent=43151"}],"wp:term":[{"taxonomy":"product_brand","embeddable":true,"href":"https:\/\/www.deporteseli.com\/index.php?rest_route=%2Fwp%2Fv2%2Fproduct_brand&post=43151"},{"taxonomy":"product_cat","embeddable":true,"href":"https:\/\/www.deporteseli.com\/index.php?rest_route=%2Fwp%2Fv2%2Fproduct_cat&post=43151"},{"taxonomy":"product_tag","embeddable":true,"href":"https:\/\/www.deporteseli.com\/index.php?rest_route=%2Fwp%2Fv2%2Fproduct_tag&post=43151"}],"curies":[{"name":"wp","href":"https:\/\/api.w.org\/{rel}","templated":true}]}}