{"id":43146,"date":"2026-01-27T19:59:03","date_gmt":"2026-01-27T19:59:03","guid":{"rendered":"https:\/\/www.deporteseli.com\/?product=zapatilla-de-futbol-sala-super-sala-ii-indoor"},"modified":"2026-02-25T05:18:34","modified_gmt":"2026-02-25T05:18:34","slug":"zapatilla-de-futbol-sala-super-sala-ii-indoor","status":"publish","type":"product","link":"https:\/\/www.deporteseli.com\/?product=zapatilla-de-futbol-sala-super-sala-ii-indoor","title":{"rendered":"ZAPATILLA DE F\u00faTBOL SALA SUPER SALA II INDOOR"},"content":{"rendered":"<p>GANAR ES EL TRATO  Domina la pista con esta emblem\u00e1tica zapatilla de f\u00fatbol sala adidas. Creada para tus partidos m\u00e1s fren\u00e9ticos, combina un antepi\u00e9 de material sint\u00e9tico muy resistente al desgaste y una leng\u00fceta de malla transpirable que te garantizan el m\u00e1ximo confort hasta el pitido final. La suela de goma espec\u00edficamente dise\u00f1ada para pista cubierta te proporciona una rotaci\u00f3n y un agarre excelentes en los cambios de direcci\u00f3n repentinos. Exhibe tu mejor juego con una leyenda en tus pies.    Este producto contiene al menos un 20% de materiales reciclados. Utilizando materiales reciclados, reducimos los residuos, nuestra dependencia de los recursos finitos y la huella que generan los productos que fabricamos.  Horma cl\u00e1sica  Cierre de cordones  Parte superior de material sint\u00e9tico ligero  Leng\u00fceta de malla transpirable  Forro textil  Suela de goma que no deja marcas especialmente dise\u00f1ada para pista cubierta  Contiene al menos un 20% de material reciclado  Color del art\u00edculo: Cloud White \/ Royal Blue \/ Team Solar Yellow 2  N\u00famero de art\u00edculo: IF6907                                                                                                                                                                                                                                                                                                                                                                                                                                                                                                                                                                                                                                                                                                                                                                                                                                                                                                                                                                                                                                        <\/p>\n","protected":false},"excerpt":{"rendered":"<p>ZAPATILLA DE F\u00faTBOL SALA SUPER SALA II INDOOR<\/p>\n","protected":false},"featured_media":56647,"template":"","meta":[],"product_brand":[],"product_cat":[323],"product_tag":[18],"class_list":{"0":"post-43146","1":"product","2":"type-product","3":"status-publish","4":"has-post-thumbnail","6":"product_cat-deportes_futbol_botas_sala","7":"product_tag-adidas","8":"pa_color-unico","9":"pa_talla-39-5","10":"pa_talla-42-5","11":"pa_talla-43-5","12":"pa_talla-161","13":"thunk-woo-product-list","14":"opn-qv-enable","15":"open-woo-hover-","16":"open-single-product-tab-horizontal","17":"open-shadow-","18":"open-shadow-hover-","20":"first","21":"instock","22":"sale","23":"shipping-taxable","24":"purchasable","25":"product-type-variable"},"jetpack_sharing_enabled":true,"_links":{"self":[{"href":"https:\/\/www.deporteseli.com\/index.php?rest_route=\/wp\/v2\/product\/43146","targetHints":{"allow":["GET"]}}],"collection":[{"href":"https:\/\/www.deporteseli.com\/index.php?rest_route=\/wp\/v2\/product"}],"about":[{"href":"https:\/\/www.deporteseli.com\/index.php?rest_route=\/wp\/v2\/types\/product"}],"wp:featuredmedia":[{"embeddable":true,"href":"https:\/\/www.deporteseli.com\/index.php?rest_route=\/wp\/v2\/media\/56647"}],"wp:attachment":[{"href":"https:\/\/www.deporteseli.com\/index.php?rest_route=%2Fwp%2Fv2%2Fmedia&parent=43146"}],"wp:term":[{"taxonomy":"product_brand","embeddable":true,"href":"https:\/\/www.deporteseli.com\/index.php?rest_route=%2Fwp%2Fv2%2Fproduct_brand&post=43146"},{"taxonomy":"product_cat","embeddable":true,"href":"https:\/\/www.deporteseli.com\/index.php?rest_route=%2Fwp%2Fv2%2Fproduct_cat&post=43146"},{"taxonomy":"product_tag","embeddable":true,"href":"https:\/\/www.deporteseli.com\/index.php?rest_route=%2Fwp%2Fv2%2Fproduct_tag&post=43146"}],"curies":[{"name":"wp","href":"https:\/\/api.w.org\/{rel}","templated":true}]}}