{"id":43143,"date":"2026-01-27T19:58:59","date_gmt":"2026-01-27T19:58:59","guid":{"rendered":"https:\/\/www.deporteseli.com\/?product=tenis-breaknet-2-0"},"modified":"2026-01-27T19:59:02","modified_gmt":"2026-01-27T19:59:02","slug":"tenis-breaknet-2-0","status":"publish","type":"product","link":"https:\/\/www.deporteseli.com\/?product=tenis-breaknet-2-0","title":{"rendered":"TENIS BREAKNET 2.0"},"content":{"rendered":"<p>TENIS CHIC HECHOS PARCIALMENTE CON MATERIALES RECICLADOS  La combinaci\u00f3n perfecta de deporte y estilo, estos tenis modernos est\u00e1n inspirados en el cl\u00e1sico calzado de tenis. Con su exterior suave y suela de caucho de gran agarre, puedes usar estos tenis adidas en todo momento y lugar. Desde la paleta de colores tenues a las ic\u00f3nicas 3 Rayas, combinan con todo, desde vestidos hasta jeans.    Este producto, hecho con una serie de materiales reciclados, cuenta con un exterior que incorpora al menos un 50 % de contenido reciclado. Este producto representa solo una de nuestras soluciones para acabar con los residuos pl\u00e1sticos.  Ajuste cl\u00e1sico  Sistema de amarre de cordones  Exterior sint\u00e9tico  Forro interno sint\u00e9tico  Suela de caucho  El exterior contiene al menos un 50 % de material reciclado  Color del art\u00edculo: Cloud White \/ Silver Metallic \/ Cloud White  N\u00famero de art\u00edculo: ID0471                                                                                                                                                                                                                                                                                                                                                                                                                                                                                                                                                                                                                                                                                                                                                                                                                                                                                                                                                                                                                                        <\/p>\n","protected":false},"excerpt":{"rendered":"<p>TENIS BREAKNET 2.0<\/p>\n","protected":false},"featured_media":56642,"template":"","meta":[],"product_brand":[],"product_cat":[287],"product_tag":[18],"class_list":{"0":"post-43143","1":"product","2":"type-product","3":"status-publish","4":"has-post-thumbnail","6":"product_cat-mujer_calzado_casual","7":"product_tag-adidas","8":"pa_color-unico","9":"pa_talla-38-5","10":"pa_talla-39-5","11":"thunk-woo-product-list","12":"opn-qv-enable","13":"open-woo-hover-","14":"open-single-product-tab-horizontal","15":"open-shadow-","16":"open-shadow-hover-","18":"first","19":"instock","20":"sale","21":"shipping-taxable","22":"purchasable","23":"product-type-variable"},"jetpack_sharing_enabled":true,"_links":{"self":[{"href":"https:\/\/www.deporteseli.com\/index.php?rest_route=\/wp\/v2\/product\/43143","targetHints":{"allow":["GET"]}}],"collection":[{"href":"https:\/\/www.deporteseli.com\/index.php?rest_route=\/wp\/v2\/product"}],"about":[{"href":"https:\/\/www.deporteseli.com\/index.php?rest_route=\/wp\/v2\/types\/product"}],"wp:featuredmedia":[{"embeddable":true,"href":"https:\/\/www.deporteseli.com\/index.php?rest_route=\/wp\/v2\/media\/56642"}],"wp:attachment":[{"href":"https:\/\/www.deporteseli.com\/index.php?rest_route=%2Fwp%2Fv2%2Fmedia&parent=43143"}],"wp:term":[{"taxonomy":"product_brand","embeddable":true,"href":"https:\/\/www.deporteseli.com\/index.php?rest_route=%2Fwp%2Fv2%2Fproduct_brand&post=43143"},{"taxonomy":"product_cat","embeddable":true,"href":"https:\/\/www.deporteseli.com\/index.php?rest_route=%2Fwp%2Fv2%2Fproduct_cat&post=43143"},{"taxonomy":"product_tag","embeddable":true,"href":"https:\/\/www.deporteseli.com\/index.php?rest_route=%2Fwp%2Fv2%2Fproduct_tag&post=43143"}],"curies":[{"name":"wp","href":"https:\/\/api.w.org\/{rel}","templated":true}]}}