{"id":43141,"date":"2026-01-27T19:58:57","date_gmt":"2026-01-27T19:58:57","guid":{"rendered":"https:\/\/www.deporteseli.com\/?product=chandal-puma-846143"},"modified":"2026-03-07T06:05:39","modified_gmt":"2026-03-07T06:05:39","slug":"chandal-puma-846143","status":"publish","type":"product","link":"https:\/\/www.deporteseli.com\/?product=chandal-puma-846143","title":{"rendered":"CHANDAL PUMA 846143"},"content":{"rendered":"<p>Descripci\u00f3n  El Ch\u00e1ndal Puma Minicats Ess Raglan Infantil es la opci\u00f3n ideal para los m\u00e1s peque\u00f1os. Este conjunto cuenta con una parte superior de corte est\u00e1ndar y pantalones entallados que ofrecen un ajuste c\u00f3modo y moderno.  El cuello redondo y los pu\u00f1os de canal\u00e9 en la parte superior permiten un estilo vers\u00e1til, mientras que la tapeta con botones en el hombro facilita el vestir y desvestir a los ni\u00f1os. Adem\u00e1s, las mangas ragl\u00e1n ofrecen libertad de movimiento para jugar con comodidad.  La cinturilla de los pantalones tiene un el\u00e1stico con cord\u00f3n interior que permite un ajuste personalizado. El logotipo de PUMA, presente tanto en el pecho como en la pernera, aporta un toque de autenticidad y estilo.  Fabricado en algod\u00f3n de la BCI y poli\u00e9ster, este ch\u00e1ndal es ideal para la actividad diaria. Es perfecto para que los ni\u00f1os se sientan c\u00f3modos y a la moda ya sea en casa o en el parque.  Descubre la calidad y dise\u00f1o del ch\u00e1ndal PUMA para los m\u00e1s peque\u00f1os.    Caracter\u00edsticas  Ch\u00e1ndal  Parte superior de corte est\u00e1ndar  Pantalones entallados  Cuello redondo  Pu\u00f1os y cinturilla de canal\u00e9 en la prenda superior  Tapeta con botones en la costura del hombro para poner y quitar f\u00e1cilmente (para tallas 62-86)  Bajos de canal\u00e9 en la parte inferior  Mangas ragl\u00e1n para una mayor libertad de movimiento  Cinturilla el\u00e1stica con cord\u00f3n interior para una comodidad personalizada  Logotipo PUMA n.\u00ba 1 estampado en goma en el pecho  Logotipo PUMA n.\u00ba 1 estampado en goma en la pernera izquierda  Algod\u00f3n de la BCI y poli\u00e9ster                                                                                                                                                                                                                                                                                                                                                                                                                                                                                                                                                                                                                                                                                                                                                                                                                                                                                                                                                                                                                                        <\/p>\n","protected":false},"excerpt":{"rendered":"<p>CHANDAL PUMA 846143<\/p>\n","protected":false},"featured_media":56640,"template":"","meta":[],"product_brand":[],"product_cat":[298],"product_tag":[32],"class_list":{"0":"post-43141","1":"product","2":"type-product","3":"status-publish","4":"has-post-thumbnail","6":"product_cat-nino_textil_chandals","7":"product_tag-puma","8":"pa_color-verde","9":"pa_talla-18-meses","10":"thunk-woo-product-list","11":"opn-qv-enable","12":"open-woo-hover-","13":"open-single-product-tab-horizontal","14":"open-shadow-","15":"open-shadow-hover-","17":"first","18":"instock","19":"shipping-taxable","20":"purchasable","21":"product-type-variable"},"jetpack_sharing_enabled":true,"_links":{"self":[{"href":"https:\/\/www.deporteseli.com\/index.php?rest_route=\/wp\/v2\/product\/43141","targetHints":{"allow":["GET"]}}],"collection":[{"href":"https:\/\/www.deporteseli.com\/index.php?rest_route=\/wp\/v2\/product"}],"about":[{"href":"https:\/\/www.deporteseli.com\/index.php?rest_route=\/wp\/v2\/types\/product"}],"wp:featuredmedia":[{"embeddable":true,"href":"https:\/\/www.deporteseli.com\/index.php?rest_route=\/wp\/v2\/media\/56640"}],"wp:attachment":[{"href":"https:\/\/www.deporteseli.com\/index.php?rest_route=%2Fwp%2Fv2%2Fmedia&parent=43141"}],"wp:term":[{"taxonomy":"product_brand","embeddable":true,"href":"https:\/\/www.deporteseli.com\/index.php?rest_route=%2Fwp%2Fv2%2Fproduct_brand&post=43141"},{"taxonomy":"product_cat","embeddable":true,"href":"https:\/\/www.deporteseli.com\/index.php?rest_route=%2Fwp%2Fv2%2Fproduct_cat&post=43141"},{"taxonomy":"product_tag","embeddable":true,"href":"https:\/\/www.deporteseli.com\/index.php?rest_route=%2Fwp%2Fv2%2Fproduct_tag&post=43141"}],"curies":[{"name":"wp","href":"https:\/\/api.w.org\/{rel}","templated":true}]}}