{"id":43139,"date":"2026-01-27T19:58:54","date_gmt":"2026-01-27T19:58:54","guid":{"rendered":"https:\/\/www.deporteseli.com\/?product=camisa-puma-683236"},"modified":"2026-03-07T06:05:36","modified_gmt":"2026-03-07T06:05:36","slug":"camisa-puma-683236","status":"publish","type":"product","link":"https:\/\/www.deporteseli.com\/?product=camisa-puma-683236","title":{"rendered":"CAMISA PUMA 683236"},"content":{"rendered":"<p>HISTORIA DEL PRODUCTO  Esta playera de suave algod\u00f3n presenta un llamativo logo PUMA con estampado de camuflaje en el pecho, que le da un toque de estilo aventurero a tu look cotidiano. Su corte regular y mangas cortas permiten que te muevas con libertad, a la vez que haces una declaraci\u00f3n de estilo. Pasar desapercibido o hacerte notar, la decisi\u00f3n es tuya.    DETALLES  Corte regular  Jersey de algod\u00f3n de 160g  Cuello redondo  Manga corta  Detalles de la marca PUMA                                                                                                                                                                                                                                                                                                                                                                                                                                                                                                                                                                                                                                                                                                                                                                                                                                                                                                                                                                                                                                        <\/p>\n","protected":false},"excerpt":{"rendered":"<p>CAMISA PUMA 683236<\/p>\n","protected":false},"featured_media":56639,"template":"","meta":[],"product_brand":[],"product_cat":[245],"product_tag":[32],"class_list":{"0":"post-43139","1":"product","2":"type-product","3":"status-publish","4":"has-post-thumbnail","6":"product_cat-hombre_textil_camisetas","7":"product_tag-puma","8":"pa_color-marron","9":"pa_talla-xl","10":"thunk-woo-product-list","11":"opn-qv-enable","12":"open-woo-hover-","13":"open-single-product-tab-horizontal","14":"open-shadow-","15":"open-shadow-hover-","17":"first","18":"instock","19":"shipping-taxable","20":"purchasable","21":"product-type-variable"},"jetpack_sharing_enabled":true,"_links":{"self":[{"href":"https:\/\/www.deporteseli.com\/index.php?rest_route=\/wp\/v2\/product\/43139","targetHints":{"allow":["GET"]}}],"collection":[{"href":"https:\/\/www.deporteseli.com\/index.php?rest_route=\/wp\/v2\/product"}],"about":[{"href":"https:\/\/www.deporteseli.com\/index.php?rest_route=\/wp\/v2\/types\/product"}],"wp:featuredmedia":[{"embeddable":true,"href":"https:\/\/www.deporteseli.com\/index.php?rest_route=\/wp\/v2\/media\/56639"}],"wp:attachment":[{"href":"https:\/\/www.deporteseli.com\/index.php?rest_route=%2Fwp%2Fv2%2Fmedia&parent=43139"}],"wp:term":[{"taxonomy":"product_brand","embeddable":true,"href":"https:\/\/www.deporteseli.com\/index.php?rest_route=%2Fwp%2Fv2%2Fproduct_brand&post=43139"},{"taxonomy":"product_cat","embeddable":true,"href":"https:\/\/www.deporteseli.com\/index.php?rest_route=%2Fwp%2Fv2%2Fproduct_cat&post=43139"},{"taxonomy":"product_tag","embeddable":true,"href":"https:\/\/www.deporteseli.com\/index.php?rest_route=%2Fwp%2Fv2%2Fproduct_tag&post=43139"}],"curies":[{"name":"wp","href":"https:\/\/api.w.org\/{rel}","templated":true}]}}