{"id":43137,"date":"2026-01-27T19:58:51","date_gmt":"2026-01-27T19:58:51","guid":{"rendered":"https:\/\/www.deporteseli.com\/?product=chandal-puma-683035-2"},"modified":"2026-03-07T06:05:34","modified_gmt":"2026-03-07T06:05:34","slug":"chandal-puma-683035-2","status":"publish","type":"product","link":"https:\/\/www.deporteseli.com\/?product=chandal-puma-683035-2","title":{"rendered":"CHANDAL PUMA 683035"},"content":{"rendered":"<p>Puma Ch\u00e1ndal para Mujer Classic Hooded Morado 683035-30      Elegir tu look para los d\u00edas de ocio nunca ha sido tan f\u00e1cil. Cuando la comodidad es un requisito esencial, nada puede superar un ch\u00e1ndal. Y con este conjunto de dos piezas caracterizado, te ahorramos la molestia de intentar crear tu propia combinaci\u00f3n. No hace falta decir que ambas piezas son perfectas para diferentes combinaciones.      Detalles    Material: 66% Algod\u00f3n\/34% Poli\u00e9ster  Color: Morado\/Negro                                                                                                                                                                                                                                                                                                                                                                                                                                                                                                                                                                                                                                                                                                                                                                                                                                                                                                                                                                                                                                        <\/p>\n","protected":false},"excerpt":{"rendered":"<p>CHANDAL PUMA 683035<\/p>\n","protected":false},"featured_media":56636,"template":"","meta":[],"product_brand":[],"product_cat":[273],"product_tag":[32],"class_list":{"0":"post-43137","1":"product","2":"type-product","3":"status-publish","4":"has-post-thumbnail","6":"product_cat-mujer_textil_chandals","7":"product_tag-puma","8":"pa_color-lila","9":"pa_talla-l","10":"thunk-woo-product-list","11":"opn-qv-enable","12":"open-woo-hover-","13":"open-single-product-tab-horizontal","14":"open-shadow-","15":"open-shadow-hover-","17":"first","18":"instock","19":"shipping-taxable","20":"purchasable","21":"product-type-variable"},"jetpack_sharing_enabled":true,"_links":{"self":[{"href":"https:\/\/www.deporteseli.com\/index.php?rest_route=\/wp\/v2\/product\/43137","targetHints":{"allow":["GET"]}}],"collection":[{"href":"https:\/\/www.deporteseli.com\/index.php?rest_route=\/wp\/v2\/product"}],"about":[{"href":"https:\/\/www.deporteseli.com\/index.php?rest_route=\/wp\/v2\/types\/product"}],"wp:featuredmedia":[{"embeddable":true,"href":"https:\/\/www.deporteseli.com\/index.php?rest_route=\/wp\/v2\/media\/56636"}],"wp:attachment":[{"href":"https:\/\/www.deporteseli.com\/index.php?rest_route=%2Fwp%2Fv2%2Fmedia&parent=43137"}],"wp:term":[{"taxonomy":"product_brand","embeddable":true,"href":"https:\/\/www.deporteseli.com\/index.php?rest_route=%2Fwp%2Fv2%2Fproduct_brand&post=43137"},{"taxonomy":"product_cat","embeddable":true,"href":"https:\/\/www.deporteseli.com\/index.php?rest_route=%2Fwp%2Fv2%2Fproduct_cat&post=43137"},{"taxonomy":"product_tag","embeddable":true,"href":"https:\/\/www.deporteseli.com\/index.php?rest_route=%2Fwp%2Fv2%2Fproduct_tag&post=43137"}],"curies":[{"name":"wp","href":"https:\/\/api.w.org\/{rel}","templated":true}]}}