{"id":43129,"date":"2026-01-27T19:58:40","date_gmt":"2026-01-27T19:58:40","guid":{"rendered":"https:\/\/www.deporteseli.com\/?product=camisa-puma-586775"},"modified":"2026-03-07T06:05:26","modified_gmt":"2026-03-07T06:05:26","slug":"camisa-puma-586775","status":"publish","type":"product","link":"https:\/\/www.deporteseli.com\/?product=camisa-puma-586775","title":{"rendered":"CAMISA PUMA 586775"},"content":{"rendered":"<p>Descripci\u00f3n  La camiseta Casual Puma Ess Logo para mujer en rojo intenso es la elecci\u00f3n perfecta para un look moderno y c\u00f3modo.  Confeccionada en 100% algod\u00f3n, esta camiseta de manga corta ofrece una gran suavidad y transpirabilidad, ideal para el uso diario.  Su talle regular se adapta a diferentes tipos de cuerpo, garantizando un ajuste perfecto.  El atractivo estampado de goma del logotipo PUMA N.\u00b0 1 en el pecho a\u00f1ade un toque de estilo y originalidad.  Combina esta camiseta con jeans o shorts para lograr un outfit casual y deportivo que resalte tu personalidad.    Caracter\u00edsticas  Camiseta Manga corta  Talle regular  Estampado de goma del logotipo PUMA N.\u00b0 1 en el pecho  100% algod\u00f3n                                                                                                                                                                                                                                                                                                                                                                                                                                                                                                                                                                                                                                                                                                                                                                                                                                                                                                                                                                                                                                        <\/p>\n","protected":false},"excerpt":{"rendered":"<p>CAMISA PUMA 586775<\/p>\n","protected":false},"featured_media":56627,"template":"","meta":[],"product_brand":[],"product_cat":[269],"product_tag":[32],"class_list":{"0":"post-43129","1":"product","2":"type-product","3":"status-publish","4":"has-post-thumbnail","6":"product_cat-mujer_textil_camisetas","7":"product_tag-puma","8":"pa_color-rojo","9":"pa_talla-l","10":"pa_talla-m","11":"thunk-woo-product-list","12":"opn-qv-enable","13":"open-woo-hover-","14":"open-single-product-tab-horizontal","15":"open-shadow-","16":"open-shadow-hover-","18":"first","19":"instock","20":"shipping-taxable","21":"purchasable","22":"product-type-variable"},"jetpack_sharing_enabled":true,"_links":{"self":[{"href":"https:\/\/www.deporteseli.com\/index.php?rest_route=\/wp\/v2\/product\/43129","targetHints":{"allow":["GET"]}}],"collection":[{"href":"https:\/\/www.deporteseli.com\/index.php?rest_route=\/wp\/v2\/product"}],"about":[{"href":"https:\/\/www.deporteseli.com\/index.php?rest_route=\/wp\/v2\/types\/product"}],"wp:featuredmedia":[{"embeddable":true,"href":"https:\/\/www.deporteseli.com\/index.php?rest_route=\/wp\/v2\/media\/56627"}],"wp:attachment":[{"href":"https:\/\/www.deporteseli.com\/index.php?rest_route=%2Fwp%2Fv2%2Fmedia&parent=43129"}],"wp:term":[{"taxonomy":"product_brand","embeddable":true,"href":"https:\/\/www.deporteseli.com\/index.php?rest_route=%2Fwp%2Fv2%2Fproduct_brand&post=43129"},{"taxonomy":"product_cat","embeddable":true,"href":"https:\/\/www.deporteseli.com\/index.php?rest_route=%2Fwp%2Fv2%2Fproduct_cat&post=43129"},{"taxonomy":"product_tag","embeddable":true,"href":"https:\/\/www.deporteseli.com\/index.php?rest_route=%2Fwp%2Fv2%2Fproduct_tag&post=43129"}],"curies":[{"name":"wp","href":"https:\/\/api.w.org\/{rel}","templated":true}]}}