{"id":43117,"date":"2026-01-27T19:58:10","date_gmt":"2026-01-27T19:58:10","guid":{"rendered":"https:\/\/www.deporteseli.com\/?product=zapatillas-run-60s-para-ninos"},"modified":"2026-01-27T19:58:15","modified_gmt":"2026-01-27T19:58:15","slug":"zapatillas-run-60s-para-ninos","status":"publish","type":"product","link":"https:\/\/www.deporteseli.com\/?product=zapatillas-run-60s-para-ninos","title":{"rendered":"ZAPATILLAS RUN 60S PARA NI\u00f1OS"},"content":{"rendered":"<p>ZAPATILLAS C\u00d3MODAS FABRICADAS EN PARTE CON UNA MEZCLA DE MATERIALES RECICLADOS Y RENOVABLES.  Los d\u00edas llenos de acci\u00f3n no son un problema para estas zapatillas adidas para j\u00f3venes. La parte superior flexible te permite moverte mientras un forro suave sostiene el pie. La amortiguaci\u00f3n Cloudfoam se siente el\u00e1stica y reactiva y una suela exterior de goma duradera se agarra al suelo para seguir el ritmo de los cortes r\u00e1pidos y los cambios de direcci\u00f3n. Al elegir materiales reciclados, podemos reutilizar materiales que ya se han creado, lo que ayuda a reducir los desechos. La elecci\u00f3n de materiales renovables nos ayudar\u00e1 a eliminar nuestra dependencia de recursos finitos. Nuestros productos fabricados con una mezcla de materiales reciclados y renovables contienen al menos un 20 % del total de estos materiales.  Ajuste regular  Cierre de encaje  Parte superior de nailon con capas de gamuza sint\u00e9tica.  Forro textil  Entresuela de espuma de nube  Suela de goma  Contiene un m\u00ednimo de 20% de contenido reciclado y renovable.  Importado  Color del producto: Negro b\u00e1sico \/ Blanco roto \/ Amarillo utilitario  C\u00f3digo del producto: IE6440                                                                                                                                                                                                                                                                                                                                                                                                                                                                                                                                                                                                                                                                                                                                                                                                                                                                                                                                                                                                                                        <\/p>\n","protected":false},"excerpt":{"rendered":"<p>ZAPATILLAS RUN 60S PARA NI\u00f1OS<\/p>\n","protected":false},"featured_media":56609,"template":"","meta":[],"product_brand":[],"product_cat":[310],"product_tag":[18],"class_list":{"0":"post-43117","1":"product","2":"type-product","3":"status-publish","4":"has-post-thumbnail","6":"product_cat-nino_calzado_casual","7":"product_tag-adidas","8":"pa_color-unico","9":"pa_talla-36-5","10":"pa_talla-37-5","11":"pa_talla-145","12":"pa_talla-38-5","13":"thunk-woo-product-list","14":"opn-qv-enable","15":"open-woo-hover-","16":"open-single-product-tab-horizontal","17":"open-shadow-","18":"open-shadow-hover-","20":"first","21":"instock","22":"sale","23":"shipping-taxable","24":"purchasable","25":"product-type-variable"},"jetpack_sharing_enabled":true,"_links":{"self":[{"href":"https:\/\/www.deporteseli.com\/index.php?rest_route=\/wp\/v2\/product\/43117","targetHints":{"allow":["GET"]}}],"collection":[{"href":"https:\/\/www.deporteseli.com\/index.php?rest_route=\/wp\/v2\/product"}],"about":[{"href":"https:\/\/www.deporteseli.com\/index.php?rest_route=\/wp\/v2\/types\/product"}],"wp:featuredmedia":[{"embeddable":true,"href":"https:\/\/www.deporteseli.com\/index.php?rest_route=\/wp\/v2\/media\/56609"}],"wp:attachment":[{"href":"https:\/\/www.deporteseli.com\/index.php?rest_route=%2Fwp%2Fv2%2Fmedia&parent=43117"}],"wp:term":[{"taxonomy":"product_brand","embeddable":true,"href":"https:\/\/www.deporteseli.com\/index.php?rest_route=%2Fwp%2Fv2%2Fproduct_brand&post=43117"},{"taxonomy":"product_cat","embeddable":true,"href":"https:\/\/www.deporteseli.com\/index.php?rest_route=%2Fwp%2Fv2%2Fproduct_cat&post=43117"},{"taxonomy":"product_tag","embeddable":true,"href":"https:\/\/www.deporteseli.com\/index.php?rest_route=%2Fwp%2Fv2%2Fproduct_tag&post=43117"}],"curies":[{"name":"wp","href":"https:\/\/api.w.org\/{rel}","templated":true}]}}