{"id":43115,"date":"2026-01-27T19:58:07","date_gmt":"2026-01-27T19:58:07","guid":{"rendered":"https:\/\/www.deporteseli.com\/?product=camiseta-essentials-de-jersey-sencillo"},"modified":"2026-03-07T06:05:21","modified_gmt":"2026-03-07T06:05:21","slug":"camiseta-essentials-de-jersey-sencillo","status":"publish","type":"product","link":"https:\/\/www.deporteseli.com\/?product=camiseta-essentials-de-jersey-sencillo","title":{"rendered":"CAMISETA ESSENTIALS DE JERSEY SENCILLO"},"content":{"rendered":"<p>UNA CAMISETA ESENCIAL CONFECCIONADA EN JERSEY SENCILLO DE ALGOD\u00d3N.  Ya sea que te la pongas despu\u00e9s del gimnasio o te prepares para comenzar el d\u00eda, esta camiseta b\u00e1sica de adidas te llamar\u00e1 la atenci\u00f3n. Dise\u00f1ada para brindar comodidad y un estilo sencillo, la insignia deportiva de adidas brilla desde el frente y muestra tu orgullo por adidas. M\u00e9zclala y comb\u00ednala con todas las prendas de tu armario: el estilo deportivo cl\u00e1sico combina con cualquier look.  Ajuste regular  Cuello redondo acanalado  100% algod\u00f3n  Fabricado con mejor algod\u00f3n  Importado  Color del producto: Gris s\u00f3lido Dgh  C\u00f3digo del producto: IQ4742                                                                                                                                                                                                                                                                                                                                                                                                                                                                                                                                                                                                                                                                                                                                                                                                                                                                                                                                                                                                                                        <\/p>\n","protected":false},"excerpt":{"rendered":"<p>CAMISETA ESSENTIALS DE JERSEY SENCILLO<\/p>\n","protected":false},"featured_media":56606,"template":"","meta":[],"product_brand":[],"product_cat":[245],"product_tag":[18],"class_list":{"0":"post-43115","1":"product","2":"type-product","3":"status-publish","4":"has-post-thumbnail","6":"product_cat-hombre_textil_camisetas","7":"product_tag-adidas","8":"pa_color-unico","9":"pa_talla-l","10":"thunk-woo-product-list","11":"opn-qv-enable","12":"open-woo-hover-","13":"open-single-product-tab-horizontal","14":"open-shadow-","15":"open-shadow-hover-","17":"first","18":"instock","19":"shipping-taxable","20":"purchasable","21":"product-type-variable"},"jetpack_sharing_enabled":true,"_links":{"self":[{"href":"https:\/\/www.deporteseli.com\/index.php?rest_route=\/wp\/v2\/product\/43115","targetHints":{"allow":["GET"]}}],"collection":[{"href":"https:\/\/www.deporteseli.com\/index.php?rest_route=\/wp\/v2\/product"}],"about":[{"href":"https:\/\/www.deporteseli.com\/index.php?rest_route=\/wp\/v2\/types\/product"}],"wp:featuredmedia":[{"embeddable":true,"href":"https:\/\/www.deporteseli.com\/index.php?rest_route=\/wp\/v2\/media\/56606"}],"wp:attachment":[{"href":"https:\/\/www.deporteseli.com\/index.php?rest_route=%2Fwp%2Fv2%2Fmedia&parent=43115"}],"wp:term":[{"taxonomy":"product_brand","embeddable":true,"href":"https:\/\/www.deporteseli.com\/index.php?rest_route=%2Fwp%2Fv2%2Fproduct_brand&post=43115"},{"taxonomy":"product_cat","embeddable":true,"href":"https:\/\/www.deporteseli.com\/index.php?rest_route=%2Fwp%2Fv2%2Fproduct_cat&post=43115"},{"taxonomy":"product_tag","embeddable":true,"href":"https:\/\/www.deporteseli.com\/index.php?rest_route=%2Fwp%2Fv2%2Fproduct_tag&post=43115"}],"curies":[{"name":"wp","href":"https:\/\/api.w.org\/{rel}","templated":true}]}}