{"id":43108,"date":"2026-01-27T19:57:57","date_gmt":"2026-01-27T19:57:57","guid":{"rendered":"https:\/\/www.deporteseli.com\/?product=camiseta-train-essentials-2"},"modified":"2026-03-29T04:18:01","modified_gmt":"2026-03-29T04:18:01","slug":"camiseta-train-essentials-2","status":"publish","type":"product","link":"https:\/\/www.deporteseli.com\/?product=camiseta-train-essentials-2","title":{"rendered":"CAMISETA TRAIN ESSENTIALS"},"content":{"rendered":"<p>RINDE AL M\u00c1XIMO EN CADA ENTRENAMIENTO  Esta camiseta adidas para j\u00f3venes deportistas te ofrece la comodidad que necesitas en tu entrenamiento diario. El dise\u00f1o FreeLift te garantiza una mayor cobertura cuando levantas los brazos por encima de la cabeza en las series de tren superior. El tejido transpirable AEROREADY mantiene la piel seca.    Este producto se ha fabricado con diferentes materiales t\u00e9cnicos y contiene al menos un 70% de material reciclado. Su objetivo es plantear otra soluci\u00f3n m\u00e1s que ayude a eliminar los residuos pl\u00e1sticos.  Corte entallado  Cuello redondo  Punto 88% poli\u00e9ster reciclado \/ 12% elast\u00e1n  AEROREADY  Dise\u00f1o FreeLift  Tejido transpirable  Color del art\u00edculo: Semi Pink Spark \/ White  N\u00famero de art\u00edculo: IV9600                                                                                                                                                                                                                                                                                                                                                                                                                                                                                                                                                                                                                                                                                                                                                                                                                                                                                                                                                                                                                                        <\/p>\n","protected":false},"excerpt":{"rendered":"<p>CAMISETA TRAIN ESSENTIALS<\/p>\n","protected":false},"featured_media":56599,"template":"","meta":[],"product_brand":[],"product_cat":[376],"product_tag":[18],"class_list":{"0":"post-43108","1":"product","2":"type-product","3":"status-publish","4":"has-post-thumbnail","6":"product_cat-ninas_textil_camisetas","7":"product_tag-adidas","8":"pa_color-unico","9":"pa_talla-t-12","10":"pa_talla-t-14","11":"pa_talla-t-16","12":"pa_talla-t-8","13":"thunk-woo-product-list","14":"opn-qv-enable","15":"open-woo-hover-","16":"open-single-product-tab-horizontal","17":"open-shadow-","18":"open-shadow-hover-","20":"first","21":"instock","22":"shipping-taxable","23":"purchasable","24":"product-type-variable"},"jetpack_sharing_enabled":true,"_links":{"self":[{"href":"https:\/\/www.deporteseli.com\/index.php?rest_route=\/wp\/v2\/product\/43108","targetHints":{"allow":["GET"]}}],"collection":[{"href":"https:\/\/www.deporteseli.com\/index.php?rest_route=\/wp\/v2\/product"}],"about":[{"href":"https:\/\/www.deporteseli.com\/index.php?rest_route=\/wp\/v2\/types\/product"}],"wp:featuredmedia":[{"embeddable":true,"href":"https:\/\/www.deporteseli.com\/index.php?rest_route=\/wp\/v2\/media\/56599"}],"wp:attachment":[{"href":"https:\/\/www.deporteseli.com\/index.php?rest_route=%2Fwp%2Fv2%2Fmedia&parent=43108"}],"wp:term":[{"taxonomy":"product_brand","embeddable":true,"href":"https:\/\/www.deporteseli.com\/index.php?rest_route=%2Fwp%2Fv2%2Fproduct_brand&post=43108"},{"taxonomy":"product_cat","embeddable":true,"href":"https:\/\/www.deporteseli.com\/index.php?rest_route=%2Fwp%2Fv2%2Fproduct_cat&post=43108"},{"taxonomy":"product_tag","embeddable":true,"href":"https:\/\/www.deporteseli.com\/index.php?rest_route=%2Fwp%2Fv2%2Fproduct_tag&post=43108"}],"curies":[{"name":"wp","href":"https:\/\/api.w.org\/{rel}","templated":true}]}}