{"id":43105,"date":"2026-01-27T19:57:54","date_gmt":"2026-01-27T19:57:54","guid":{"rendered":"https:\/\/www.deporteseli.com\/?product=camisa-adidas-iz3470"},"modified":"2026-03-07T06:05:08","modified_gmt":"2026-03-07T06:05:08","slug":"camisa-adidas-iz3470","status":"publish","type":"product","link":"https:\/\/www.deporteseli.com\/?product=camisa-adidas-iz3470","title":{"rendered":"CAMISA ADIDAS IZ3470"},"content":{"rendered":"<p>ESTA PLAYERA CL\u00c1SICA CON LOGO IRRADIA ESTILO CASUAL.  Esta playera adidas para j\u00f3venes deportistas es perfecta para caminar o para ver pel\u00edculas. Est\u00e1 confeccionada en tejido jersey de algod\u00f3n que se siente muy suave contra la piel. Su corte estilizado combina bien con todo, desde jeans de corte alto hasta pants holgados. Mant\u00e9n tu look sencillo y deja que el llamativo logo adidas Badge of Sport brille.    Nuestros productos de algod\u00f3n apoyan el cultivo de algod\u00f3n sostenible.  Ajuste ce\u00f1ido  Cuello redondo acanalado  Tejido jersey 100 % algod\u00f3n  Producto hecho con Better Cotton  Color del art\u00edculo: Preloved Crimson \/ Sandy Pink  N\u00famero de art\u00edculo: IZ3470                                                                                                                                                                                                                                                                                                                                                                                                                                                                                                                                                                                                                                                                                                                                                                                                                                                                                                                                                                                                                                        <\/p>\n","protected":false},"excerpt":{"rendered":"<p>CAMISA ADIDAS IZ3470<\/p>\n","protected":false},"featured_media":56597,"template":"","meta":[],"product_brand":[],"product_cat":[376],"product_tag":[18],"class_list":{"0":"post-43105","1":"product","2":"type-product","3":"status-publish","4":"has-post-thumbnail","6":"product_cat-ninas_textil_camisetas","7":"product_tag-adidas","8":"pa_color-unico","9":"pa_talla-t-12","10":"pa_talla-t-14","11":"thunk-woo-product-list","12":"opn-qv-enable","13":"open-woo-hover-","14":"open-single-product-tab-horizontal","15":"open-shadow-","16":"open-shadow-hover-","18":"first","19":"instock","20":"shipping-taxable","21":"purchasable","22":"product-type-variable"},"jetpack_sharing_enabled":true,"_links":{"self":[{"href":"https:\/\/www.deporteseli.com\/index.php?rest_route=\/wp\/v2\/product\/43105","targetHints":{"allow":["GET"]}}],"collection":[{"href":"https:\/\/www.deporteseli.com\/index.php?rest_route=\/wp\/v2\/product"}],"about":[{"href":"https:\/\/www.deporteseli.com\/index.php?rest_route=\/wp\/v2\/types\/product"}],"wp:featuredmedia":[{"embeddable":true,"href":"https:\/\/www.deporteseli.com\/index.php?rest_route=\/wp\/v2\/media\/56597"}],"wp:attachment":[{"href":"https:\/\/www.deporteseli.com\/index.php?rest_route=%2Fwp%2Fv2%2Fmedia&parent=43105"}],"wp:term":[{"taxonomy":"product_brand","embeddable":true,"href":"https:\/\/www.deporteseli.com\/index.php?rest_route=%2Fwp%2Fv2%2Fproduct_brand&post=43105"},{"taxonomy":"product_cat","embeddable":true,"href":"https:\/\/www.deporteseli.com\/index.php?rest_route=%2Fwp%2Fv2%2Fproduct_cat&post=43105"},{"taxonomy":"product_tag","embeddable":true,"href":"https:\/\/www.deporteseli.com\/index.php?rest_route=%2Fwp%2Fv2%2Fproduct_tag&post=43105"}],"curies":[{"name":"wp","href":"https:\/\/api.w.org\/{rel}","templated":true}]}}