{"id":43093,"date":"2026-01-27T19:57:39","date_gmt":"2026-01-27T19:57:39","guid":{"rendered":"https:\/\/www.deporteseli.com\/?product=zapatilla-grand-court-td-lifestyle"},"modified":"2026-01-27T19:57:47","modified_gmt":"2026-01-27T19:57:47","slug":"zapatilla-grand-court-td-lifestyle","status":"publish","type":"product","link":"https:\/\/www.deporteseli.com\/?product=zapatilla-grand-court-td-lifestyle","title":{"rendered":"ZAPATILLA GRAND COURT TD LIFESTYLE"},"content":{"rendered":"<p>Descripci\u00f3n    Es hora de aumentar tu colecci\u00f3n de zapatillas retro. Empecemos con la Grand Court. Nuestros dise\u00f1adores han reinterpretado cada elemento y han a\u00f1adido una suela resistente que ofrece un gran agarre en superficies h\u00famedas. Esta versi\u00f3n se ha confeccionado en piel sint\u00e9tica de tacto suave y luce las cl\u00e1sicas 3 bandas de adidas como homenaje a nuestro legado. La parte superior contiene al menos un 50% de materiales reciclados. Su objetivo es plantear otra soluci\u00f3n m\u00e1s que ayude a eliminar los residuos pl\u00e1sticos.  Grupo de Edad  :  Adulto  Linea MRKT Corp  :  Sportswear  Categoria Deporte  :  Tennis  Segmento  :  Shoes &#8211; Low (Non Football)  Tipo de Producto  :  Zapatilla  Categoria Linea Mrkt  :  Sport Inspired  Composicion  :  Horma cl\u00e1sica, Cierre de cordones, Parte superior de piel sint\u00e9tica, Forro sint\u00e9tico, Suela de goma  Deporte B2B  :  Tenis  Color  :  Negro  Genero  :  Hombre                                                                                                                                                                                                                                                                                                                                                                                                                                                                                                                                                                                                                                                                                                                                                                                                                                                                                                                                                                                                                                        <\/p>\n","protected":false},"excerpt":{"rendered":"<p>ZAPATILLA GRAND COURT TD LIFESTYLE<\/p>\n","protected":false},"featured_media":56588,"template":"","meta":[],"product_brand":[],"product_cat":[261],"product_tag":[18],"class_list":{"0":"post-43093","1":"product","2":"type-product","3":"status-publish","4":"has-post-thumbnail","6":"product_cat-hombre_calzado_casual","7":"product_tag-adidas","8":"pa_color-unico","9":"pa_talla-141","10":"pa_talla-36-5","11":"pa_talla-37-5","12":"pa_talla-145","13":"pa_talla-39-5","14":"pa_talla-43-5","15":"pa_talla-45-5","16":"thunk-woo-product-list","17":"opn-qv-enable","18":"open-woo-hover-","19":"open-single-product-tab-horizontal","20":"open-shadow-","21":"open-shadow-hover-","23":"first","24":"instock","25":"sale","26":"shipping-taxable","27":"purchasable","28":"product-type-variable"},"jetpack_sharing_enabled":true,"_links":{"self":[{"href":"https:\/\/www.deporteseli.com\/index.php?rest_route=\/wp\/v2\/product\/43093","targetHints":{"allow":["GET"]}}],"collection":[{"href":"https:\/\/www.deporteseli.com\/index.php?rest_route=\/wp\/v2\/product"}],"about":[{"href":"https:\/\/www.deporteseli.com\/index.php?rest_route=\/wp\/v2\/types\/product"}],"wp:featuredmedia":[{"embeddable":true,"href":"https:\/\/www.deporteseli.com\/index.php?rest_route=\/wp\/v2\/media\/56588"}],"wp:attachment":[{"href":"https:\/\/www.deporteseli.com\/index.php?rest_route=%2Fwp%2Fv2%2Fmedia&parent=43093"}],"wp:term":[{"taxonomy":"product_brand","embeddable":true,"href":"https:\/\/www.deporteseli.com\/index.php?rest_route=%2Fwp%2Fv2%2Fproduct_brand&post=43093"},{"taxonomy":"product_cat","embeddable":true,"href":"https:\/\/www.deporteseli.com\/index.php?rest_route=%2Fwp%2Fv2%2Fproduct_cat&post=43093"},{"taxonomy":"product_tag","embeddable":true,"href":"https:\/\/www.deporteseli.com\/index.php?rest_route=%2Fwp%2Fv2%2Fproduct_tag&post=43093"}],"curies":[{"name":"wp","href":"https:\/\/api.w.org\/{rel}","templated":true}]}}