{"id":43091,"date":"2026-01-27T19:57:36","date_gmt":"2026-01-27T19:57:36","guid":{"rendered":"https:\/\/www.deporteseli.com\/?product=chandal-adidas-iy1792"},"modified":"2026-03-07T06:05:00","modified_gmt":"2026-03-07T06:05:00","slug":"chandal-adidas-iy1792","status":"publish","type":"product","link":"https:\/\/www.deporteseli.com\/?product=chandal-adidas-iy1792","title":{"rendered":"CHANDAL ADIDAS IY1792"},"content":{"rendered":"<p>Descripci\u00f3n  Ch\u00e1ndal para ni\u00f1os adidas Tiberio 3-Stripes Colorblock Fleece  adidas junior Este ch\u00e1ndal est\u00e1 dise\u00f1ado para ofrecer la m\u00e1xima comodidad y ayudarte a concentrarte en lo que realmente importa: el momento presente. ultra Confeccionados en suave tejido polar, te mantendr\u00e1n a gusto de la ma\u00f1ana a la noche. look El pantal\u00f3n slim-fit cuenta con una elegante cremallera integral para facilitar la superposici\u00f3n de capas. La capucha proporciona un aislamiento extra para mantenerte concentrado y ayudarte a conseguir tus objetivos.                                                                                                                                                                                                                                                                                                                                                                                                                                                                                                                                                                                                                                                                                                                                                                                                                                                                                                                                                                                                                                        <\/p>\n","protected":false},"excerpt":{"rendered":"<p>CHANDAL ADIDAS IY1792<\/p>\n","protected":false},"featured_media":56584,"template":"","meta":[],"product_brand":[],"product_cat":[298],"product_tag":[18],"class_list":{"0":"post-43091","1":"product","2":"type-product","3":"status-publish","4":"has-post-thumbnail","6":"product_cat-nino_textil_chandals","7":"product_tag-adidas","8":"pa_color-unico","9":"pa_talla-t-10","10":"thunk-woo-product-list","11":"opn-qv-enable","12":"open-woo-hover-","13":"open-single-product-tab-horizontal","14":"open-shadow-","15":"open-shadow-hover-","17":"first","18":"instock","19":"shipping-taxable","20":"purchasable","21":"product-type-variable"},"jetpack_sharing_enabled":true,"_links":{"self":[{"href":"https:\/\/www.deporteseli.com\/index.php?rest_route=\/wp\/v2\/product\/43091","targetHints":{"allow":["GET"]}}],"collection":[{"href":"https:\/\/www.deporteseli.com\/index.php?rest_route=\/wp\/v2\/product"}],"about":[{"href":"https:\/\/www.deporteseli.com\/index.php?rest_route=\/wp\/v2\/types\/product"}],"wp:featuredmedia":[{"embeddable":true,"href":"https:\/\/www.deporteseli.com\/index.php?rest_route=\/wp\/v2\/media\/56584"}],"wp:attachment":[{"href":"https:\/\/www.deporteseli.com\/index.php?rest_route=%2Fwp%2Fv2%2Fmedia&parent=43091"}],"wp:term":[{"taxonomy":"product_brand","embeddable":true,"href":"https:\/\/www.deporteseli.com\/index.php?rest_route=%2Fwp%2Fv2%2Fproduct_brand&post=43091"},{"taxonomy":"product_cat","embeddable":true,"href":"https:\/\/www.deporteseli.com\/index.php?rest_route=%2Fwp%2Fv2%2Fproduct_cat&post=43091"},{"taxonomy":"product_tag","embeddable":true,"href":"https:\/\/www.deporteseli.com\/index.php?rest_route=%2Fwp%2Fv2%2Fproduct_tag&post=43091"}],"curies":[{"name":"wp","href":"https:\/\/api.w.org\/{rel}","templated":true}]}}