{"id":43080,"date":"2026-01-27T19:57:13","date_gmt":"2026-01-27T19:57:13","guid":{"rendered":"https:\/\/www.deporteseli.com\/?product=camisa-adidas-gk9154"},"modified":"2026-04-19T04:17:24","modified_gmt":"2026-04-19T04:17:24","slug":"camisa-adidas-gk9154","status":"publish","type":"product","link":"https:\/\/www.deporteseli.com\/?product=camisa-adidas-gk9154","title":{"rendered":"CAMISA ADIDAS GK9154"},"content":{"rendered":"<p>En el terreno de juego, compet\u00eds tu equipo y t\u00fa contra el mundo. adidas cre\u00f3 la colecci\u00f3n Squadra 21 para ayudarte a ganar con estilo. Este pantal\u00f3n corto de f\u00fatbol se ha confeccionado en poli\u00e9ster reciclado con tecnolog\u00eda transpirable AEROREADY que mantiene la piel fresca y seca.Este producto se ha fabricado con Primegreen, una combinaci\u00f3n de materiales reciclados de alto rendimiento.     COMPOSICI\u00d3N Y TECNOLOG\u00cdA    Rendimiento colectivo  Primegreen  Corte cl\u00e1sico  Cintura el\u00e1stica con cord\u00f3n  Interlock 100% poli\u00e9ster reciclado                                                                                                                                                                                                                                                                                                                                                                                                                                                                                                                                                                                                                                                                                                                                                                                                                                                                                                                                                                                                                                        <\/p>\n","protected":false},"excerpt":{"rendered":"<p>CAMISA ADIDAS GK9154<\/p>\n","protected":false},"featured_media":56575,"template":"","meta":[],"product_brand":[],"product_cat":[245],"product_tag":[18],"class_list":{"0":"post-43080","1":"product","2":"type-product","3":"status-publish","4":"has-post-thumbnail","6":"product_cat-hombre_textil_camisetas","7":"product_tag-adidas","8":"pa_color-unico","9":"pa_talla-l","10":"pa_talla-m","11":"pa_talla-s","12":"pa_talla-xl","13":"pa_talla-xxl","14":"thunk-woo-product-list","15":"opn-qv-enable","16":"open-woo-hover-","17":"open-single-product-tab-horizontal","18":"open-shadow-","19":"open-shadow-hover-","21":"first","22":"instock","23":"shipping-taxable","24":"purchasable","25":"product-type-variable"},"jetpack_sharing_enabled":true,"_links":{"self":[{"href":"https:\/\/www.deporteseli.com\/index.php?rest_route=\/wp\/v2\/product\/43080","targetHints":{"allow":["GET"]}}],"collection":[{"href":"https:\/\/www.deporteseli.com\/index.php?rest_route=\/wp\/v2\/product"}],"about":[{"href":"https:\/\/www.deporteseli.com\/index.php?rest_route=\/wp\/v2\/types\/product"}],"wp:featuredmedia":[{"embeddable":true,"href":"https:\/\/www.deporteseli.com\/index.php?rest_route=\/wp\/v2\/media\/56575"}],"wp:attachment":[{"href":"https:\/\/www.deporteseli.com\/index.php?rest_route=%2Fwp%2Fv2%2Fmedia&parent=43080"}],"wp:term":[{"taxonomy":"product_brand","embeddable":true,"href":"https:\/\/www.deporteseli.com\/index.php?rest_route=%2Fwp%2Fv2%2Fproduct_brand&post=43080"},{"taxonomy":"product_cat","embeddable":true,"href":"https:\/\/www.deporteseli.com\/index.php?rest_route=%2Fwp%2Fv2%2Fproduct_cat&post=43080"},{"taxonomy":"product_tag","embeddable":true,"href":"https:\/\/www.deporteseli.com\/index.php?rest_route=%2Fwp%2Fv2%2Fproduct_tag&post=43080"}],"curies":[{"name":"wp","href":"https:\/\/api.w.org\/{rel}","templated":true}]}}