{"id":43064,"date":"2026-01-27T19:56:48","date_gmt":"2026-01-27T19:56:48","guid":{"rendered":"https:\/\/www.deporteseli.com\/?product=balon-primera-equipacion-real-madrid-club"},"modified":"2026-02-16T07:51:46","modified_gmt":"2026-02-16T07:51:46","slug":"balon-primera-equipacion-real-madrid-club","status":"publish","type":"product","link":"https:\/\/www.deporteseli.com\/?product=balon-primera-equipacion-real-madrid-club","title":{"rendered":"BAL\u00f3N PRIMERA EQUIPACI\u00f3N REAL MADRID CLUB"},"content":{"rendered":"<p>MAGIA MADRIDISTA EN CADA GOL  No permitas que nadie dude de tu pasi\u00f3n por el deporte rey. Este bal\u00f3n de f\u00fatbol adidas Club luce los colores de la primera equipaci\u00f3n del Real Madrid y presenta una superficie cosida a m\u00e1quina para tus partidillos con los amigos. La resistente cubierta de TPU y la c\u00e1mara de butilo te permiten pasar m\u00e1s tiempo jugando y menos tiempo infl\u00e1ndolo.  Cubierta 100% TPU reciclado  Cosido a m\u00e1quina  C\u00e1mara de butilo  Escudo del Real Madrid estampado  Es necesario inflarlo  Color del art\u00edculo: White \/ Black \/ Sky Tint  N\u00famero de art\u00edculo: IX4019                                                                                                                                                                                                                                                                                                                                                                                                                                                                                                                                                                                                                                                                                                                                                                                                                                                                                                                                                                                                                                        <\/p>\n","protected":false},"excerpt":{"rendered":"<p>BAL\u00f3N PRIMERA EQUIPACI\u00f3N REAL MADRID CLUB<\/p>\n","protected":false},"featured_media":56561,"template":"","meta":[],"product_brand":[],"product_cat":[347],"product_tag":[18],"class_list":{"0":"post-43064","1":"product","2":"type-product","3":"status-publish","4":"has-post-thumbnail","6":"product_cat-deportes_balones","7":"product_tag-adidas","8":"pa_color-unico","9":"pa_talla-169","10":"thunk-woo-product-list","11":"opn-qv-enable","12":"open-woo-hover-","13":"open-single-product-tab-horizontal","14":"open-shadow-","15":"open-shadow-hover-","17":"first","18":"instock","19":"shipping-taxable","20":"purchasable","21":"product-type-variable"},"jetpack_sharing_enabled":true,"_links":{"self":[{"href":"https:\/\/www.deporteseli.com\/index.php?rest_route=\/wp\/v2\/product\/43064","targetHints":{"allow":["GET"]}}],"collection":[{"href":"https:\/\/www.deporteseli.com\/index.php?rest_route=\/wp\/v2\/product"}],"about":[{"href":"https:\/\/www.deporteseli.com\/index.php?rest_route=\/wp\/v2\/types\/product"}],"wp:featuredmedia":[{"embeddable":true,"href":"https:\/\/www.deporteseli.com\/index.php?rest_route=\/wp\/v2\/media\/56561"}],"wp:attachment":[{"href":"https:\/\/www.deporteseli.com\/index.php?rest_route=%2Fwp%2Fv2%2Fmedia&parent=43064"}],"wp:term":[{"taxonomy":"product_brand","embeddable":true,"href":"https:\/\/www.deporteseli.com\/index.php?rest_route=%2Fwp%2Fv2%2Fproduct_brand&post=43064"},{"taxonomy":"product_cat","embeddable":true,"href":"https:\/\/www.deporteseli.com\/index.php?rest_route=%2Fwp%2Fv2%2Fproduct_cat&post=43064"},{"taxonomy":"product_tag","embeddable":true,"href":"https:\/\/www.deporteseli.com\/index.php?rest_route=%2Fwp%2Fv2%2Fproduct_tag&post=43064"}],"curies":[{"name":"wp","href":"https:\/\/api.w.org\/{rel}","templated":true}]}}