{"id":43058,"date":"2026-01-27T19:56:40","date_gmt":"2026-01-27T19:56:40","guid":{"rendered":"https:\/\/www.deporteseli.com\/?product=sudadera-champion-306837"},"modified":"2026-03-07T06:04:40","modified_gmt":"2026-03-07T06:04:40","slug":"sudadera-champion-306837","status":"publish","type":"product","link":"https:\/\/www.deporteseli.com\/?product=sudadera-champion-306837","title":{"rendered":"SUDADERA CHAMPION 306837"},"content":{"rendered":"<p>Estilo deportivo en las calles de la ciudad con la sudadera con capucha para ni\u00f1os Champion. La sudadera con capucha para ni\u00f1os tiene una capucha para protegerse del fr\u00edo y un bolsillo tipo canguro para las manos u objetos. El estampado en la parte delantera impresiona.     Caracter\u00edsticas:    Capucha   Bolsillo tipo canguro  Pu\u00f1os y dobladillo acanalados  Comodidad para una sensaci\u00f3n generosa y relajada.                                                                                                                                                                                                                                                                                                                                                                                                                                                                                                                                                                                                                                                                                                                                                                                                                                                                                                                                                                                                                                        <\/p>\n","protected":false},"excerpt":{"rendered":"<p>SUDADERA CHAMPION 306837<\/p>\n","protected":false},"featured_media":56556,"template":"","meta":[],"product_brand":[],"product_cat":[302],"product_tag":[51],"class_list":{"0":"post-43058","1":"product","2":"type-product","3":"status-publish","4":"has-post-thumbnail","6":"product_cat-nino_textil_sudaderas","7":"product_tag-champion","8":"pa_color-unico","9":"pa_talla-m","10":"thunk-woo-product-list","11":"opn-qv-enable","12":"open-woo-hover-","13":"open-single-product-tab-horizontal","14":"open-shadow-","15":"open-shadow-hover-","17":"first","18":"instock","19":"shipping-taxable","20":"purchasable","21":"product-type-variable"},"jetpack_sharing_enabled":true,"_links":{"self":[{"href":"https:\/\/www.deporteseli.com\/index.php?rest_route=\/wp\/v2\/product\/43058","targetHints":{"allow":["GET"]}}],"collection":[{"href":"https:\/\/www.deporteseli.com\/index.php?rest_route=\/wp\/v2\/product"}],"about":[{"href":"https:\/\/www.deporteseli.com\/index.php?rest_route=\/wp\/v2\/types\/product"}],"wp:featuredmedia":[{"embeddable":true,"href":"https:\/\/www.deporteseli.com\/index.php?rest_route=\/wp\/v2\/media\/56556"}],"wp:attachment":[{"href":"https:\/\/www.deporteseli.com\/index.php?rest_route=%2Fwp%2Fv2%2Fmedia&parent=43058"}],"wp:term":[{"taxonomy":"product_brand","embeddable":true,"href":"https:\/\/www.deporteseli.com\/index.php?rest_route=%2Fwp%2Fv2%2Fproduct_brand&post=43058"},{"taxonomy":"product_cat","embeddable":true,"href":"https:\/\/www.deporteseli.com\/index.php?rest_route=%2Fwp%2Fv2%2Fproduct_cat&post=43058"},{"taxonomy":"product_tag","embeddable":true,"href":"https:\/\/www.deporteseli.com\/index.php?rest_route=%2Fwp%2Fv2%2Fproduct_tag&post=43058"}],"curies":[{"name":"wp","href":"https:\/\/api.w.org\/{rel}","templated":true}]}}