{"id":43053,"date":"2026-01-27T19:56:30","date_gmt":"2026-01-27T19:56:30","guid":{"rendered":"https:\/\/www.deporteseli.com\/?product=beyond-ff-multideporte"},"modified":"2026-01-27T19:56:39","modified_gmt":"2026-01-27T19:56:39","slug":"beyond-ff-multideporte","status":"publish","type":"product","link":"https:\/\/www.deporteseli.com\/?product=beyond-ff-multideporte","title":{"rendered":"BEYOND FF MULTIDEPORTE"},"content":{"rendered":"<p>Descripci\u00f3n  El modelo BEYOND FF se ha dise\u00f1ado para proporcionar una sujeci\u00f3n y amortiguaci\u00f3n avanzadas para moverte con mayor comodidad y confianza en la pista.?    Hemos renovado el cuello y eliminado las costuras para favorecer la estabilidad en los movimientos r\u00e1pidos.?    El nuevo dise\u00f1o de la suela, inspirado en la zapatilla SKY ELITE FF 3, presenta un drop de 5 mm y tecnolog\u00eda TRUSSTIC para aportar estabilidad al pie. As\u00ed se mejora la aceleraci\u00f3n y podr\u00e1s dar saltos m\u00e1s potentes al rematar o bloquear la pelota.                                                                                                                                                                                                                                                                                                                                                                                                                                                                                                                                                                                                                                                                                                                                                                                                                                                                                                                                                                                                                                        <\/p>\n","protected":false},"excerpt":{"rendered":"<p>BEYOND FF MULTIDEPORTE<\/p>\n","protected":false},"featured_media":56552,"template":"","meta":[],"product_brand":[],"product_cat":[371],"product_tag":[19],"class_list":{"0":"post-43053","1":"product","2":"type-product","3":"status-publish","4":"has-post-thumbnail","6":"product_cat-padel_y_tenis_calzado","7":"product_tag-asics","8":"pa_color-unico","9":"pa_talla-41-5","10":"pa_talla-153","11":"pa_talla-42-5","12":"pa_talla-157","13":"thunk-woo-product-list","14":"opn-qv-enable","15":"open-woo-hover-","16":"open-single-product-tab-horizontal","17":"open-shadow-","18":"open-shadow-hover-","20":"first","21":"instock","22":"sale","23":"shipping-taxable","24":"purchasable","25":"product-type-variable"},"jetpack_sharing_enabled":true,"_links":{"self":[{"href":"https:\/\/www.deporteseli.com\/index.php?rest_route=\/wp\/v2\/product\/43053","targetHints":{"allow":["GET"]}}],"collection":[{"href":"https:\/\/www.deporteseli.com\/index.php?rest_route=\/wp\/v2\/product"}],"about":[{"href":"https:\/\/www.deporteseli.com\/index.php?rest_route=\/wp\/v2\/types\/product"}],"wp:featuredmedia":[{"embeddable":true,"href":"https:\/\/www.deporteseli.com\/index.php?rest_route=\/wp\/v2\/media\/56552"}],"wp:attachment":[{"href":"https:\/\/www.deporteseli.com\/index.php?rest_route=%2Fwp%2Fv2%2Fmedia&parent=43053"}],"wp:term":[{"taxonomy":"product_brand","embeddable":true,"href":"https:\/\/www.deporteseli.com\/index.php?rest_route=%2Fwp%2Fv2%2Fproduct_brand&post=43053"},{"taxonomy":"product_cat","embeddable":true,"href":"https:\/\/www.deporteseli.com\/index.php?rest_route=%2Fwp%2Fv2%2Fproduct_cat&post=43053"},{"taxonomy":"product_tag","embeddable":true,"href":"https:\/\/www.deporteseli.com\/index.php?rest_route=%2Fwp%2Fv2%2Fproduct_tag&post=43053"}],"curies":[{"name":"wp","href":"https:\/\/api.w.org\/{rel}","templated":true}]}}