{"id":43049,"date":"2026-01-27T19:56:20","date_gmt":"2026-01-27T19:56:20","guid":{"rendered":"https:\/\/www.deporteseli.com\/?product=camiseta-primera-equipacion-espana-24-adoles"},"modified":"2026-04-22T04:17:53","modified_gmt":"2026-04-22T04:17:53","slug":"camiseta-primera-equipacion-espana-24-adoles","status":"publish","type":"product","link":"https:\/\/www.deporteseli.com\/?product=camiseta-primera-equipacion-espana-24-adoles","title":{"rendered":"CAMISETA PRIMERA EQUIPACI\u00f3N ESPA\u00f1A 24 (ADOLES"},"content":{"rendered":"<p>ENVU\u00c9LVETE EN LA ESENCIA DE LA ROJA  Una tradici\u00f3n futbol\u00edstica profundamente arraigada. Esta camiseta adidas de la primera equipaci\u00f3n de Espa\u00f1a luce un llamativo estampado del mismo tono inspirado en la belleza del clavel, nuestra flor nacional, y en el movimiento r\u00edtmico de las olas del mar. Dise\u00f1ada para j\u00f3venes hinchas, se ha confeccionado en un tejido transpirable AEROREADY que mantiene la piel seca mientras animas sin descanso. El escudo de la selecci\u00f3n cosido en el pecho y el clavel en la nuca ponen el broche final.    Este producto se ha fabricado con un 100% de materiales reciclados. Utilizando materiales reciclados, reducimos los residuos, nuestra dependencia de los recursos finitos y la huella que generan los productos que fabricamos.  Corte cl\u00e1sico  Cuello redondo de canal\u00e9  100% poli\u00e9ster (reciclado)  Laterales y zona lumbar: 100% poli\u00e9ster (reciclado)  AEROREADY  Inserciones de malla en los laterales y las mangas  Escudo de la selecci\u00f3n espa\u00f1ola cosido  Detalle del clavel bajo la nuca  Color del art\u00edculo: Better Scarlet  N\u00famero de art\u00edculo: IP9351                                                                                                                                                                                                                                                                                                                                                                                                                                                                                                                                                                                                                                                                                                                                                                                                                                                                                                                                                                                                                                        <\/p>\n","protected":false},"excerpt":{"rendered":"<p>CAMISETA PRIMERA EQUIPACI\u00f3N ESPA\u00f1A 24 (ADOLES<\/p>\n","protected":false},"featured_media":56549,"template":"","meta":[],"product_brand":[],"product_cat":[296],"product_tag":[18],"class_list":{"0":"post-43049","1":"product","2":"type-product","3":"status-publish","4":"has-post-thumbnail","6":"product_cat-nino_textil_camisetas","7":"product_tag-adidas","8":"pa_color-unico","9":"pa_talla-t-10","10":"pa_talla-t-12","11":"pa_talla-t-8","12":"thunk-woo-product-list","13":"opn-qv-enable","14":"open-woo-hover-","15":"open-single-product-tab-horizontal","16":"open-shadow-","17":"open-shadow-hover-","19":"first","20":"instock","21":"sale","22":"shipping-taxable","23":"purchasable","24":"product-type-variable"},"jetpack_sharing_enabled":true,"_links":{"self":[{"href":"https:\/\/www.deporteseli.com\/index.php?rest_route=\/wp\/v2\/product\/43049","targetHints":{"allow":["GET"]}}],"collection":[{"href":"https:\/\/www.deporteseli.com\/index.php?rest_route=\/wp\/v2\/product"}],"about":[{"href":"https:\/\/www.deporteseli.com\/index.php?rest_route=\/wp\/v2\/types\/product"}],"wp:featuredmedia":[{"embeddable":true,"href":"https:\/\/www.deporteseli.com\/index.php?rest_route=\/wp\/v2\/media\/56549"}],"wp:attachment":[{"href":"https:\/\/www.deporteseli.com\/index.php?rest_route=%2Fwp%2Fv2%2Fmedia&parent=43049"}],"wp:term":[{"taxonomy":"product_brand","embeddable":true,"href":"https:\/\/www.deporteseli.com\/index.php?rest_route=%2Fwp%2Fv2%2Fproduct_brand&post=43049"},{"taxonomy":"product_cat","embeddable":true,"href":"https:\/\/www.deporteseli.com\/index.php?rest_route=%2Fwp%2Fv2%2Fproduct_cat&post=43049"},{"taxonomy":"product_tag","embeddable":true,"href":"https:\/\/www.deporteseli.com\/index.php?rest_route=%2Fwp%2Fv2%2Fproduct_tag&post=43049"}],"curies":[{"name":"wp","href":"https:\/\/api.w.org\/{rel}","templated":true}]}}