{"id":43044,"date":"2026-01-27T19:56:13","date_gmt":"2026-01-27T19:56:13","guid":{"rendered":"https:\/\/www.deporteseli.com\/?product=pantalon-adidas-corto-tr-es-ic6977"},"modified":"2026-03-07T06:04:38","modified_gmt":"2026-03-07T06:04:38","slug":"pantalon-adidas-corto-tr-es-ic6977","status":"publish","type":"product","link":"https:\/\/www.deporteseli.com\/?product=pantalon-adidas-corto-tr-es-ic6977","title":{"rendered":"PANTALON ADIDAS CORTO TR-ES IC6977"},"content":{"rendered":"<p>PANTALON CORTO DE HOMBRE  CARACTER\u00cdSTICAS:  No olvides meter este pantal\u00f3n corto de training adidas en tu bolsa de deporte el d\u00eda que est\u00e9s preparado para batir tu mejor marca en el gimnasio. Se ha confeccionado en un tejido t\u00e9cnico ligero con tecnolog\u00eda transpirable AEROREADY que mantiene la piel seca. Su corte favorece la libertad de movimiento para que nada te detenga cuando entrenas.  Composici\u00f3n: 100% Poli\u00e9ster reciclado.                                                                                                                                                                                                                                                                                                                                                                                                                                                                                                                                                                                                                                                                                                                                                                                                                                                                                                                                                                                                                                        <\/p>\n","protected":false},"excerpt":{"rendered":"<p>PANTALON ADIDAS CORTO TR-ES IC6977<\/p>\n","protected":false},"featured_media":56545,"template":"","meta":[],"product_brand":[],"product_cat":[251],"product_tag":[18],"class_list":{"0":"post-43044","1":"product","2":"type-product","3":"status-publish","4":"has-post-thumbnail","6":"product_cat-hombre_textil_shorts","7":"product_tag-adidas","8":"pa_color-unico","9":"pa_talla-l","10":"pa_talla-m","11":"pa_talla-s","12":"pa_talla-xxl","13":"thunk-woo-product-list","14":"opn-qv-enable","15":"open-woo-hover-","16":"open-single-product-tab-horizontal","17":"open-shadow-","18":"open-shadow-hover-","20":"first","21":"instock","22":"shipping-taxable","23":"purchasable","24":"product-type-variable"},"jetpack_sharing_enabled":true,"_links":{"self":[{"href":"https:\/\/www.deporteseli.com\/index.php?rest_route=\/wp\/v2\/product\/43044","targetHints":{"allow":["GET"]}}],"collection":[{"href":"https:\/\/www.deporteseli.com\/index.php?rest_route=\/wp\/v2\/product"}],"about":[{"href":"https:\/\/www.deporteseli.com\/index.php?rest_route=\/wp\/v2\/types\/product"}],"wp:featuredmedia":[{"embeddable":true,"href":"https:\/\/www.deporteseli.com\/index.php?rest_route=\/wp\/v2\/media\/56545"}],"wp:attachment":[{"href":"https:\/\/www.deporteseli.com\/index.php?rest_route=%2Fwp%2Fv2%2Fmedia&parent=43044"}],"wp:term":[{"taxonomy":"product_brand","embeddable":true,"href":"https:\/\/www.deporteseli.com\/index.php?rest_route=%2Fwp%2Fv2%2Fproduct_brand&post=43044"},{"taxonomy":"product_cat","embeddable":true,"href":"https:\/\/www.deporteseli.com\/index.php?rest_route=%2Fwp%2Fv2%2Fproduct_cat&post=43044"},{"taxonomy":"product_tag","embeddable":true,"href":"https:\/\/www.deporteseli.com\/index.php?rest_route=%2Fwp%2Fv2%2Fproduct_tag&post=43044"}],"curies":[{"name":"wp","href":"https:\/\/api.w.org\/{rel}","templated":true}]}}