{"id":43039,"date":"2026-01-27T19:56:05","date_gmt":"2026-01-27T19:56:05","guid":{"rendered":"https:\/\/www.deporteseli.com\/?product=cortaviento-bcn-boink-black"},"modified":"2026-03-07T06:04:33","modified_gmt":"2026-03-07T06:04:33","slug":"cortaviento-bcn-boink-black","status":"publish","type":"product","link":"https:\/\/www.deporteseli.com\/?product=cortaviento-bcn-boink-black","title":{"rendered":"CORTAVIENTO BCN BOINK BLACK"},"content":{"rendered":"<p>Prenda perfecta para deportistas que buscan rendimiento y confort en cualquier clima. Su dise\u00f1o ergon\u00f3mico ofrece un ajuste perfecto, permiti\u00e9ndote moverte con total libertad mientras que te protege del viento.                                                                                                                                                                                                                                                                                                                                                                                                                                                                                                                                                                                                                                                                                                                                                                                                                                                                                                                                                                                                                                        <\/p>\n","protected":false},"excerpt":{"rendered":"<p>CORTAVIENTO BCN BOINK BLACK<\/p>\n","protected":false},"featured_media":56543,"template":"","meta":[],"product_brand":[],"product_cat":[257],"product_tag":[70],"class_list":{"0":"post-43039","1":"product","2":"type-product","3":"status-publish","4":"has-post-thumbnail","6":"product_cat-hombre_textil_cortavientos","7":"product_tag-bcn","8":"pa_color-negro","9":"pa_talla-s","10":"thunk-woo-product-list","11":"opn-qv-enable","12":"open-woo-hover-","13":"open-single-product-tab-horizontal","14":"open-shadow-","15":"open-shadow-hover-","17":"first","18":"instock","19":"shipping-taxable","20":"purchasable","21":"product-type-variable"},"jetpack_sharing_enabled":true,"_links":{"self":[{"href":"https:\/\/www.deporteseli.com\/index.php?rest_route=\/wp\/v2\/product\/43039","targetHints":{"allow":["GET"]}}],"collection":[{"href":"https:\/\/www.deporteseli.com\/index.php?rest_route=\/wp\/v2\/product"}],"about":[{"href":"https:\/\/www.deporteseli.com\/index.php?rest_route=\/wp\/v2\/types\/product"}],"wp:featuredmedia":[{"embeddable":true,"href":"https:\/\/www.deporteseli.com\/index.php?rest_route=\/wp\/v2\/media\/56543"}],"wp:attachment":[{"href":"https:\/\/www.deporteseli.com\/index.php?rest_route=%2Fwp%2Fv2%2Fmedia&parent=43039"}],"wp:term":[{"taxonomy":"product_brand","embeddable":true,"href":"https:\/\/www.deporteseli.com\/index.php?rest_route=%2Fwp%2Fv2%2Fproduct_brand&post=43039"},{"taxonomy":"product_cat","embeddable":true,"href":"https:\/\/www.deporteseli.com\/index.php?rest_route=%2Fwp%2Fv2%2Fproduct_cat&post=43039"},{"taxonomy":"product_tag","embeddable":true,"href":"https:\/\/www.deporteseli.com\/index.php?rest_route=%2Fwp%2Fv2%2Fproduct_tag&post=43039"}],"curies":[{"name":"wp","href":"https:\/\/api.w.org\/{rel}","templated":true}]}}