{"id":43037,"date":"2026-01-27T19:56:03","date_gmt":"2026-01-27T19:56:03","guid":{"rendered":"https:\/\/www.deporteseli.com\/?product=bolas-head-punto-naranja"},"modified":"2026-01-27T19:56:03","modified_gmt":"2026-01-27T19:56:03","slug":"bolas-head-punto-naranja","status":"publish","type":"product","link":"https:\/\/www.deporteseli.com\/?product=bolas-head-punto-naranja","title":{"rendered":"BOLAS HEAD PUNTO NARANJA"},"content":{"rendered":"<p>DESCRIPCI\u00d3N  Un 50% m\u00e1s lentas que una pelota est\u00e1ndar, las pelotas de tenis Head Stage 2 Naranja x3 permitir\u00e1n a tu hijo seguir aprendiendo tenis con una pelota m\u00e1s adaptada a su edad (8-9 a\u00f1os).                                                                                                                                                                                                                                                                                                                                                                                                                                                                                                                                                                                                                                                                                                                                                                                                                                                                                                                                                                                                                                        <\/p>\n","protected":false},"excerpt":{"rendered":"<p>BOLAS HEAD PUNTO NARANJA<\/p>\n","protected":false},"featured_media":56537,"template":"","meta":[],"product_brand":[],"product_cat":[356],"product_tag":[22],"class_list":{"0":"post-43037","1":"product","2":"type-product","3":"status-publish","4":"has-post-thumbnail","6":"product_cat-padel_y_tenis_bolas","7":"product_tag-head","8":"thunk-woo-product-list","9":"opn-qv-enable","10":"open-woo-hover-","11":"open-single-product-tab-horizontal","12":"open-shadow-","13":"open-shadow-hover-","15":"first","16":"instock","17":"shipping-taxable","18":"purchasable","19":"product-type-simple"},"jetpack_sharing_enabled":true,"_links":{"self":[{"href":"https:\/\/www.deporteseli.com\/index.php?rest_route=\/wp\/v2\/product\/43037","targetHints":{"allow":["GET"]}}],"collection":[{"href":"https:\/\/www.deporteseli.com\/index.php?rest_route=\/wp\/v2\/product"}],"about":[{"href":"https:\/\/www.deporteseli.com\/index.php?rest_route=\/wp\/v2\/types\/product"}],"wp:featuredmedia":[{"embeddable":true,"href":"https:\/\/www.deporteseli.com\/index.php?rest_route=\/wp\/v2\/media\/56537"}],"wp:attachment":[{"href":"https:\/\/www.deporteseli.com\/index.php?rest_route=%2Fwp%2Fv2%2Fmedia&parent=43037"}],"wp:term":[{"taxonomy":"product_brand","embeddable":true,"href":"https:\/\/www.deporteseli.com\/index.php?rest_route=%2Fwp%2Fv2%2Fproduct_brand&post=43037"},{"taxonomy":"product_cat","embeddable":true,"href":"https:\/\/www.deporteseli.com\/index.php?rest_route=%2Fwp%2Fv2%2Fproduct_cat&post=43037"},{"taxonomy":"product_tag","embeddable":true,"href":"https:\/\/www.deporteseli.com\/index.php?rest_route=%2Fwp%2Fv2%2Fproduct_tag&post=43037"}],"curies":[{"name":"wp","href":"https:\/\/api.w.org\/{rel}","templated":true}]}}