{"id":43035,"date":"2026-01-27T19:56:00","date_gmt":"2026-01-27T19:56:00","guid":{"rendered":"https:\/\/www.deporteseli.com\/?product=mochila-reebok-8229244"},"modified":"2026-01-27T19:56:02","modified_gmt":"2026-01-27T19:56:02","slug":"mochila-reebok-8229244","status":"publish","type":"product","link":"https:\/\/www.deporteseli.com\/?product=mochila-reebok-8229244","title":{"rendered":"MOCHILA REEBOK 8229244"},"content":{"rendered":"<p>Descripci\u00f3n    Descubre la Mochila Reebok Brooklyn Colors con estuche lila, perfecta para quienes buscan estilo y funcionalidad.    Con dimensiones de 31,5 cm x 45 cm x 15 cm, esta mochila cuenta con un compartimento acolchado que protege tu ordenador de hasta 15,6 pulgadas. Su espalda reforzada y tirantes ergon\u00f3micos y acolchados aseguran una adaptabilidad perfecta a tu espalda, brindando m\u00e1xima comodidad en cada uso.    Adem\u00e1s, incluye un bolsillo frontal y un estuche a juego, ideal para mantener tus accesorios organizados.    La Mochila Reebok Brooklyn es la elecci\u00f3n perfecta para el d\u00eda a d\u00eda y el estilo urbano.  Hazla tuya y destaca en cada paso!         Caracter\u00edsticas    Dimensiones: 31,5 cm x 45 cm x 15 cm  Compartimento acolchado para ordenador de hasta 15,6 pulgadas  Bolsillo frontal y estuche a juego incluido  Espalda reforzada  Tirantes anchos, ergon\u00f3micos y acolchados  Adaptabilidad perfecta a la espalda  Estuche incluido                                                                                                                                                                                                                                                                                                                                                                                                                                                                                                                                                                                                                                                                                                                                                                                                                                                                                                                                                                                                                                        <\/p>\n","protected":false},"excerpt":{"rendered":"<p>MOCHILA REEBOK 8229244<\/p>\n","protected":false},"featured_media":56532,"template":"","meta":[],"product_brand":[],"product_cat":[401],"product_tag":[41],"class_list":{"0":"post-43035","1":"product","2":"type-product","3":"status-publish","4":"has-post-thumbnail","6":"product_cat-accesorios_mochilas","7":"product_tag-reebok","8":"pa_color-unico","9":"pa_talla-unica","10":"thunk-woo-product-list","11":"opn-qv-enable","12":"open-woo-hover-","13":"open-single-product-tab-horizontal","14":"open-shadow-","15":"open-shadow-hover-","17":"first","18":"instock","19":"shipping-taxable","20":"purchasable","21":"product-type-variable"},"jetpack_sharing_enabled":true,"_links":{"self":[{"href":"https:\/\/www.deporteseli.com\/index.php?rest_route=\/wp\/v2\/product\/43035","targetHints":{"allow":["GET"]}}],"collection":[{"href":"https:\/\/www.deporteseli.com\/index.php?rest_route=\/wp\/v2\/product"}],"about":[{"href":"https:\/\/www.deporteseli.com\/index.php?rest_route=\/wp\/v2\/types\/product"}],"wp:featuredmedia":[{"embeddable":true,"href":"https:\/\/www.deporteseli.com\/index.php?rest_route=\/wp\/v2\/media\/56532"}],"wp:attachment":[{"href":"https:\/\/www.deporteseli.com\/index.php?rest_route=%2Fwp%2Fv2%2Fmedia&parent=43035"}],"wp:term":[{"taxonomy":"product_brand","embeddable":true,"href":"https:\/\/www.deporteseli.com\/index.php?rest_route=%2Fwp%2Fv2%2Fproduct_brand&post=43035"},{"taxonomy":"product_cat","embeddable":true,"href":"https:\/\/www.deporteseli.com\/index.php?rest_route=%2Fwp%2Fv2%2Fproduct_cat&post=43035"},{"taxonomy":"product_tag","embeddable":true,"href":"https:\/\/www.deporteseli.com\/index.php?rest_route=%2Fwp%2Fv2%2Fproduct_tag&post=43035"}],"curies":[{"name":"wp","href":"https:\/\/api.w.org\/{rel}","templated":true}]}}