{"id":43033,"date":"2026-01-27T19:55:56","date_gmt":"2026-01-27T19:55:56","guid":{"rendered":"https:\/\/www.deporteseli.com\/?product=tenis-reebok-100204978"},"modified":"2026-01-27T19:55:58","modified_gmt":"2026-01-27T19:55:58","slug":"tenis-reebok-100204978","status":"publish","type":"product","link":"https:\/\/www.deporteseli.com\/?product=tenis-reebok-100204978","title":{"rendered":"TENIS REEBOK 100204978"},"content":{"rendered":"<p>ZAPATILLAS RUNNING LIGERAS Y CON MUCHO ESTILO    Desconecta de la rutina diaria con una carrera r\u00e1pida. Estas zapatillas de running Reebok para mujer cuentan con una entresuela ligera que proporciona una amortiguaci\u00f3n sin igual. Ll\u00e9valas para ir a la oficina, hacer encargos o salir con tus amigos y disfruta de su comodidad.                                                                                                                                                                                                                                                                                                                                                                                                                                                                                                                                                                                                                                                                                                                                                                                                                                                                                                                                                                                                                                        <\/p>\n","protected":false},"excerpt":{"rendered":"<p>TENIS REEBOK 100204978<\/p>\n","protected":false},"featured_media":56528,"template":"","meta":[],"product_brand":[],"product_cat":[285],"product_tag":[41],"class_list":{"0":"post-43033","1":"product","2":"type-product","3":"status-publish","4":"has-post-thumbnail","6":"product_cat-mujer_calzado_running","7":"product_tag-reebok","8":"pa_color-unico","9":"pa_talla-147","10":"thunk-woo-product-list","11":"opn-qv-enable","12":"open-woo-hover-","13":"open-single-product-tab-horizontal","14":"open-shadow-","15":"open-shadow-hover-","17":"first","18":"instock","19":"sale","20":"shipping-taxable","21":"purchasable","22":"product-type-variable"},"jetpack_sharing_enabled":true,"_links":{"self":[{"href":"https:\/\/www.deporteseli.com\/index.php?rest_route=\/wp\/v2\/product\/43033","targetHints":{"allow":["GET"]}}],"collection":[{"href":"https:\/\/www.deporteseli.com\/index.php?rest_route=\/wp\/v2\/product"}],"about":[{"href":"https:\/\/www.deporteseli.com\/index.php?rest_route=\/wp\/v2\/types\/product"}],"wp:featuredmedia":[{"embeddable":true,"href":"https:\/\/www.deporteseli.com\/index.php?rest_route=\/wp\/v2\/media\/56528"}],"wp:attachment":[{"href":"https:\/\/www.deporteseli.com\/index.php?rest_route=%2Fwp%2Fv2%2Fmedia&parent=43033"}],"wp:term":[{"taxonomy":"product_brand","embeddable":true,"href":"https:\/\/www.deporteseli.com\/index.php?rest_route=%2Fwp%2Fv2%2Fproduct_brand&post=43033"},{"taxonomy":"product_cat","embeddable":true,"href":"https:\/\/www.deporteseli.com\/index.php?rest_route=%2Fwp%2Fv2%2Fproduct_cat&post=43033"},{"taxonomy":"product_tag","embeddable":true,"href":"https:\/\/www.deporteseli.com\/index.php?rest_route=%2Fwp%2Fv2%2Fproduct_tag&post=43033"}],"curies":[{"name":"wp","href":"https:\/\/api.w.org\/{rel}","templated":true}]}}