{"id":43025,"date":"2026-01-27T19:55:46","date_gmt":"2026-01-27T19:55:46","guid":{"rendered":"https:\/\/www.deporteseli.com\/?product=reebok-royal-glide-1v"},"modified":"2026-04-23T04:17:49","modified_gmt":"2026-04-23T04:17:49","slug":"reebok-royal-glide-1v","status":"publish","type":"product","link":"https:\/\/www.deporteseli.com\/?product=reebok-royal-glide-1v","title":{"rendered":"REEBOK ROYAL GLIDE 1V"},"content":{"rendered":"<p>La versi\u00f3n junior de Royal Glide es imprescindible en el armario de los fans m\u00e1s j\u00f3venes de Reebok. El modelo convence por su parte superior completamente blanca con costuras y logotipos caracter\u00edsticos. El cl\u00e1sico sistema de cordones se complementa con un c\u00f3modo cierre de velcro. El interior tiene un forro suave y todo se asienta sobre una suela de espuma flexible con banda de rodadura de goma. Un modelo perfecto para looks urbanos.  Material    parte superior sint\u00e9tica\/suela sint\u00e9tica                                                                                                                                                                                                                                                                                                                                                                                                                                                                                                                                                                                                                                                                                                                                                                                                                                                                                                                                                                                                                                        <\/p>\n","protected":false},"excerpt":{"rendered":"<p>REEBOK ROYAL GLIDE 1V<\/p>\n","protected":false},"featured_media":56524,"template":"","meta":[],"product_brand":[],"product_cat":[310],"product_tag":[41],"class_list":{"0":"post-43025","1":"product","2":"type-product","3":"status-publish","4":"has-post-thumbnail","6":"product_cat-nino_calzado_casual","7":"product_tag-reebok","8":"pa_color-unico","9":"pa_talla-123","10":"pa_talla-125","11":"pa_talla-127","12":"pa_talla-129","13":"pa_talla-131","14":"pa_talla-133","15":"pa_talla-135","16":"thunk-woo-product-list","17":"opn-qv-enable","18":"open-woo-hover-","19":"open-single-product-tab-horizontal","20":"open-shadow-","21":"open-shadow-hover-","23":"first","24":"instock","25":"sale","26":"shipping-taxable","27":"purchasable","28":"product-type-variable"},"jetpack_sharing_enabled":true,"_links":{"self":[{"href":"https:\/\/www.deporteseli.com\/index.php?rest_route=\/wp\/v2\/product\/43025","targetHints":{"allow":["GET"]}}],"collection":[{"href":"https:\/\/www.deporteseli.com\/index.php?rest_route=\/wp\/v2\/product"}],"about":[{"href":"https:\/\/www.deporteseli.com\/index.php?rest_route=\/wp\/v2\/types\/product"}],"wp:featuredmedia":[{"embeddable":true,"href":"https:\/\/www.deporteseli.com\/index.php?rest_route=\/wp\/v2\/media\/56524"}],"wp:attachment":[{"href":"https:\/\/www.deporteseli.com\/index.php?rest_route=%2Fwp%2Fv2%2Fmedia&parent=43025"}],"wp:term":[{"taxonomy":"product_brand","embeddable":true,"href":"https:\/\/www.deporteseli.com\/index.php?rest_route=%2Fwp%2Fv2%2Fproduct_brand&post=43025"},{"taxonomy":"product_cat","embeddable":true,"href":"https:\/\/www.deporteseli.com\/index.php?rest_route=%2Fwp%2Fv2%2Fproduct_cat&post=43025"},{"taxonomy":"product_tag","embeddable":true,"href":"https:\/\/www.deporteseli.com\/index.php?rest_route=%2Fwp%2Fv2%2Fproduct_tag&post=43025"}],"curies":[{"name":"wp","href":"https:\/\/api.w.org\/{rel}","templated":true}]}}