{"id":43023,"date":"2026-01-27T19:55:43","date_gmt":"2026-01-27T19:55:43","guid":{"rendered":"https:\/\/www.deporteseli.com\/?product=tenis-reebok-100205232"},"modified":"2026-01-27T19:55:45","modified_gmt":"2026-01-27T19:55:45","slug":"tenis-reebok-100205232","status":"publish","type":"product","link":"https:\/\/www.deporteseli.com\/?product=tenis-reebok-100205232","title":{"rendered":"TENIS REEBOK 100205232"},"content":{"rendered":"<p>La zapatilla REEBOK RUSH RUNNER 5.0 KIDS es una zapatilla deportiva y casual para calzar a diario con estilo. Tiene un dise\u00f1o retro running y una llamativa combinaci\u00f3n de colores.  CARACTER\u00cdSTICAS T\u00c9CNICAS:    Fabricadas en malla con refuerzos para aumentar su resistencia.  Color marino con detalles en azul y blanco.  Cierre de cordones.  Forro interior textil y cuello acolchado que aporta un plus de comodidad.  Mediasuela de goma EVA que amortigua la pisada.                                                                                                                                                                                                                                                                                                                                                                                                                                                                                                                                                                                                                                                                                                                                                                                                                                                                                                                                                                                                                                        <\/p>\n","protected":false},"excerpt":{"rendered":"<p>TENIS REEBOK 100205232<\/p>\n","protected":false},"featured_media":56519,"template":"","meta":[],"product_brand":[],"product_cat":[308],"product_tag":[41],"class_list":{"0":"post-43023","1":"product","2":"type-product","3":"status-publish","4":"has-post-thumbnail","6":"product_cat-nino_calzado_running","7":"product_tag-reebok","8":"pa_color-unico","9":"pa_talla-143","10":"thunk-woo-product-list","11":"opn-qv-enable","12":"open-woo-hover-","13":"open-single-product-tab-horizontal","14":"open-shadow-","15":"open-shadow-hover-","17":"first","18":"instock","19":"sale","20":"shipping-taxable","21":"purchasable","22":"product-type-variable"},"jetpack_sharing_enabled":true,"_links":{"self":[{"href":"https:\/\/www.deporteseli.com\/index.php?rest_route=\/wp\/v2\/product\/43023","targetHints":{"allow":["GET"]}}],"collection":[{"href":"https:\/\/www.deporteseli.com\/index.php?rest_route=\/wp\/v2\/product"}],"about":[{"href":"https:\/\/www.deporteseli.com\/index.php?rest_route=\/wp\/v2\/types\/product"}],"wp:featuredmedia":[{"embeddable":true,"href":"https:\/\/www.deporteseli.com\/index.php?rest_route=\/wp\/v2\/media\/56519"}],"wp:attachment":[{"href":"https:\/\/www.deporteseli.com\/index.php?rest_route=%2Fwp%2Fv2%2Fmedia&parent=43023"}],"wp:term":[{"taxonomy":"product_brand","embeddable":true,"href":"https:\/\/www.deporteseli.com\/index.php?rest_route=%2Fwp%2Fv2%2Fproduct_brand&post=43023"},{"taxonomy":"product_cat","embeddable":true,"href":"https:\/\/www.deporteseli.com\/index.php?rest_route=%2Fwp%2Fv2%2Fproduct_cat&post=43023"},{"taxonomy":"product_tag","embeddable":true,"href":"https:\/\/www.deporteseli.com\/index.php?rest_route=%2Fwp%2Fv2%2Fproduct_tag&post=43023"}],"curies":[{"name":"wp","href":"https:\/\/api.w.org\/{rel}","templated":true}]}}