{"id":43019,"date":"2026-01-27T19:55:37","date_gmt":"2026-01-27T19:55:37","guid":{"rendered":"https:\/\/www.deporteseli.com\/?product=tenis-reebok-100201629"},"modified":"2026-01-27T19:55:42","modified_gmt":"2026-01-27T19:55:42","slug":"tenis-reebok-100201629","status":"publish","type":"product","link":"https:\/\/www.deporteseli.com\/?product=tenis-reebok-100201629","title":{"rendered":"TENIS REEBOK 100201629"},"content":{"rendered":"<p>UNAS ZAPATILLAS DE RUNNING RESISTENTES PARA NI\u00d1OS CON MUCHA ENERG\u00cdA    Estas resistentes zapatillas han sido dise\u00f1adas pensando en la energ\u00eda ilimitada de tu hijo. Los cordones el\u00e1sticos son f\u00e1ciles de utilizar, mientras que la suela proporciona una buena tracci\u00f3n para peque\u00f1os corredores en ciernes.  Negro, azul marino, azul celeste y blanco  Parte superior de material sint\u00e9tico y tejido  Bucle de grosgrain en el tal\u00f3n  Tobillo y leng\u00fceta acolchados  Plantilla moldeada  Logo en el lateral  Etiqueta del logo en la leng\u00fceta  Entresuela de espuma EVA  Suela de goma  Cierre con cordones el\u00e1sticos en la parte delantera  ID del modelo: 100201629                                                                                                                                                                                                                                                                                                                                                                                                                                                                                                                                                                                                                                                                                                                                                                                                                                                                                                                                                                                                                                        <\/p>\n","protected":false},"excerpt":{"rendered":"<p>TENIS REEBOK 100201629<\/p>\n","protected":false},"featured_media":56514,"template":"","meta":[],"product_brand":[],"product_cat":[308],"product_tag":[41],"class_list":{"0":"post-43019","1":"product","2":"type-product","3":"status-publish","4":"has-post-thumbnail","6":"product_cat-nino_calzado_running","7":"product_tag-reebok","8":"pa_color-unico","9":"pa_talla-113","10":"pa_talla-23-5","11":"pa_talla-117","12":"thunk-woo-product-list","13":"opn-qv-enable","14":"open-woo-hover-","15":"open-single-product-tab-horizontal","16":"open-shadow-","17":"open-shadow-hover-","19":"first","20":"instock","21":"sale","22":"shipping-taxable","23":"purchasable","24":"product-type-variable"},"jetpack_sharing_enabled":true,"_links":{"self":[{"href":"https:\/\/www.deporteseli.com\/index.php?rest_route=\/wp\/v2\/product\/43019","targetHints":{"allow":["GET"]}}],"collection":[{"href":"https:\/\/www.deporteseli.com\/index.php?rest_route=\/wp\/v2\/product"}],"about":[{"href":"https:\/\/www.deporteseli.com\/index.php?rest_route=\/wp\/v2\/types\/product"}],"wp:featuredmedia":[{"embeddable":true,"href":"https:\/\/www.deporteseli.com\/index.php?rest_route=\/wp\/v2\/media\/56514"}],"wp:attachment":[{"href":"https:\/\/www.deporteseli.com\/index.php?rest_route=%2Fwp%2Fv2%2Fmedia&parent=43019"}],"wp:term":[{"taxonomy":"product_brand","embeddable":true,"href":"https:\/\/www.deporteseli.com\/index.php?rest_route=%2Fwp%2Fv2%2Fproduct_brand&post=43019"},{"taxonomy":"product_cat","embeddable":true,"href":"https:\/\/www.deporteseli.com\/index.php?rest_route=%2Fwp%2Fv2%2Fproduct_cat&post=43019"},{"taxonomy":"product_tag","embeddable":true,"href":"https:\/\/www.deporteseli.com\/index.php?rest_route=%2Fwp%2Fv2%2Fproduct_tag&post=43019"}],"curies":[{"name":"wp","href":"https:\/\/api.w.org\/{rel}","templated":true}]}}