{"id":43017,"date":"2026-01-27T19:55:34","date_gmt":"2026-01-27T19:55:34","guid":{"rendered":"https:\/\/www.deporteseli.com\/?product=camiseta-bullpadel-meira-pn-turquesa"},"modified":"2026-03-07T06:04:31","modified_gmt":"2026-03-07T06:04:31","slug":"camiseta-bullpadel-meira-pn-turquesa","status":"publish","type":"product","link":"https:\/\/www.deporteseli.com\/?product=camiseta-bullpadel-meira-pn-turquesa","title":{"rendered":"CAMISETA BULLPADEL MEIRA PN TURQUESA"},"content":{"rendered":"<p>Camiseta de poli\u00e9ster el\u00e1stico con cuello de rib bicolor, enriquecida con un estampado. Decorada con prints y etiqueta reflectante de la l\u00ednea. Firmada por nuestro jugador Paquito Navarro.  Pertenece a la l\u00ednea Master.  Fabricado con tejido t\u00e9cnico y ligero de poli\u00e9ster el\u00e1stico, dota a la prenda de comodidad y funcionalidad. Se le aplica la tecnolog\u00eda Drynamic utiliza los microfilamentos para reducir la humedad y ayudar a la transpiraci\u00f3n.                                                                                                                                                                                                                                                                                                                                                                                                                                                                                                                                                                                                                                                                                                                                                                                                                                                                                                                                                                                                                                        <\/p>\n","protected":false},"excerpt":{"rendered":"<p>CAMISETA BULLPADEL MEIRA PN TURQUESA<\/p>\n","protected":false},"featured_media":56512,"template":"","meta":[],"product_brand":[],"product_cat":[364],"product_tag":[21],"class_list":{"0":"post-43017","1":"product","2":"type-product","3":"status-publish","4":"has-post-thumbnail","6":"product_cat-padel_y_tenis_textil_camisas","7":"product_tag-bull_padel","8":"pa_color-unico","9":"pa_talla-s","10":"thunk-woo-product-list","11":"opn-qv-enable","12":"open-woo-hover-","13":"open-single-product-tab-horizontal","14":"open-shadow-","15":"open-shadow-hover-","17":"first","18":"instock","19":"shipping-taxable","20":"purchasable","21":"product-type-variable"},"jetpack_sharing_enabled":true,"_links":{"self":[{"href":"https:\/\/www.deporteseli.com\/index.php?rest_route=\/wp\/v2\/product\/43017","targetHints":{"allow":["GET"]}}],"collection":[{"href":"https:\/\/www.deporteseli.com\/index.php?rest_route=\/wp\/v2\/product"}],"about":[{"href":"https:\/\/www.deporteseli.com\/index.php?rest_route=\/wp\/v2\/types\/product"}],"wp:featuredmedia":[{"embeddable":true,"href":"https:\/\/www.deporteseli.com\/index.php?rest_route=\/wp\/v2\/media\/56512"}],"wp:attachment":[{"href":"https:\/\/www.deporteseli.com\/index.php?rest_route=%2Fwp%2Fv2%2Fmedia&parent=43017"}],"wp:term":[{"taxonomy":"product_brand","embeddable":true,"href":"https:\/\/www.deporteseli.com\/index.php?rest_route=%2Fwp%2Fv2%2Fproduct_brand&post=43017"},{"taxonomy":"product_cat","embeddable":true,"href":"https:\/\/www.deporteseli.com\/index.php?rest_route=%2Fwp%2Fv2%2Fproduct_cat&post=43017"},{"taxonomy":"product_tag","embeddable":true,"href":"https:\/\/www.deporteseli.com\/index.php?rest_route=%2Fwp%2Fv2%2Fproduct_tag&post=43017"}],"curies":[{"name":"wp","href":"https:\/\/api.w.org\/{rel}","templated":true}]}}