{"id":43011,"date":"2026-01-27T19:55:26","date_gmt":"2026-01-27T19:55:26","guid":{"rendered":"https:\/\/www.deporteseli.com\/?product=tenis-fila-tonga"},"modified":"2026-03-01T05:18:10","modified_gmt":"2026-03-01T05:18:10","slug":"tenis-fila-tonga","status":"publish","type":"product","link":"https:\/\/www.deporteseli.com\/?product=tenis-fila-tonga","title":{"rendered":"TENIS FILA TONGA"},"content":{"rendered":"<p> Haz que tus carreras valgan la pena con las zapatillas de running para mujer FILA Memory Tonga! Las  zapatillas de running para mujer  cuentan con una parte superior textil con detalles sint\u00e9ticos y una  plantilla Memory Foam que absorbe los impactos. La suela de goma proporciona tracci\u00f3n y durabilidad.     Caracter\u00edsticas:    Parte superior textil con detalles sint\u00e9ticos.  Plantilla Memory Foam para absorci\u00f3n de impactos.  Suela de goma para mayor durabilidad.  Atar con cordones                                                                                                                                                                                                                                                                                                                                                                                                                                                                                                                                                                                                                                                                                                                                                                                                                                                                                                                                                                                                                                        <\/p>\n","protected":false},"excerpt":{"rendered":"<p>TENIS FILA TONGA<\/p>\n","protected":false},"featured_media":56504,"template":"","meta":[],"product_brand":[],"product_cat":[237],"product_tag":[46],"class_list":{"0":"post-43011","1":"product","2":"type-product","3":"status-publish","4":"has-post-thumbnail","6":"product_cat-outlet_calzado","7":"product_tag-fila","8":"pa_color-unico","9":"pa_talla-143","10":"pa_talla-147","11":"thunk-woo-product-list","12":"opn-qv-enable","13":"open-woo-hover-","14":"open-single-product-tab-horizontal","15":"open-shadow-","16":"open-shadow-hover-","18":"first","19":"instock","20":"sale","21":"shipping-taxable","22":"purchasable","23":"product-type-variable"},"jetpack_sharing_enabled":true,"_links":{"self":[{"href":"https:\/\/www.deporteseli.com\/index.php?rest_route=\/wp\/v2\/product\/43011","targetHints":{"allow":["GET"]}}],"collection":[{"href":"https:\/\/www.deporteseli.com\/index.php?rest_route=\/wp\/v2\/product"}],"about":[{"href":"https:\/\/www.deporteseli.com\/index.php?rest_route=\/wp\/v2\/types\/product"}],"wp:featuredmedia":[{"embeddable":true,"href":"https:\/\/www.deporteseli.com\/index.php?rest_route=\/wp\/v2\/media\/56504"}],"wp:attachment":[{"href":"https:\/\/www.deporteseli.com\/index.php?rest_route=%2Fwp%2Fv2%2Fmedia&parent=43011"}],"wp:term":[{"taxonomy":"product_brand","embeddable":true,"href":"https:\/\/www.deporteseli.com\/index.php?rest_route=%2Fwp%2Fv2%2Fproduct_brand&post=43011"},{"taxonomy":"product_cat","embeddable":true,"href":"https:\/\/www.deporteseli.com\/index.php?rest_route=%2Fwp%2Fv2%2Fproduct_cat&post=43011"},{"taxonomy":"product_tag","embeddable":true,"href":"https:\/\/www.deporteseli.com\/index.php?rest_route=%2Fwp%2Fv2%2Fproduct_tag&post=43011"}],"curies":[{"name":"wp","href":"https:\/\/api.w.org\/{rel}","templated":true}]}}