{"id":43007,"date":"2026-01-27T19:55:21","date_gmt":"2026-01-27T19:55:21","guid":{"rendered":"https:\/\/www.deporteseli.com\/?product=camiseta-bullpadel-meira-dn-limon"},"modified":"2026-01-27T19:55:23","modified_gmt":"2026-01-27T19:55:23","slug":"camiseta-bullpadel-meira-dn-limon","status":"publish","type":"product","link":"https:\/\/www.deporteseli.com\/?product=camiseta-bullpadel-meira-dn-limon","title":{"rendered":"CAMISETA BULLPADEL MEIRA DN LIMON"},"content":{"rendered":"<p>Camiseta de poli\u00e9ster el\u00e1stico con cuello de rib bicolor, enriquecida con un estampado. Decorada con prints y etiqueta reflectante de la l\u00ednea. Firmada por nuestro jugador Mart\u00edn Di Nenno.  Pertenece a la l\u00ednea Master.  Fabricado con tejido t\u00e9cnico y ligero de poli\u00e9ster el\u00e1stico, dota a la prenda de comodidad y funcionalidad. Se le aplica la tecnolog\u00eda Drynamic utiliza los microfilamentos para reducir la humedad y ayudar a la transpiraci\u00f3n.                                                                                                                                                                                                                                                                                                                                                                                                                                                                                                                                                                                                                                                                                                                                                                                                                                                                                                                                                                                                                                        <\/p>\n","protected":false},"excerpt":{"rendered":"<p>CAMISETA BULLPADEL MEIRA DN LIMON<\/p>\n","protected":false},"featured_media":56500,"template":"","meta":[],"product_brand":[],"product_cat":[364],"product_tag":[21],"class_list":{"0":"post-43007","1":"product","2":"type-product","3":"status-publish","4":"has-post-thumbnail","6":"product_cat-padel_y_tenis_textil_camisas","7":"product_tag-bull_padel","8":"pa_color-unico","9":"pa_talla-m","10":"thunk-woo-product-list","11":"opn-qv-enable","12":"open-woo-hover-","13":"open-single-product-tab-horizontal","14":"open-shadow-","15":"open-shadow-hover-","17":"first","18":"instock","19":"sale","20":"shipping-taxable","21":"purchasable","22":"product-type-variable"},"jetpack_sharing_enabled":true,"_links":{"self":[{"href":"https:\/\/www.deporteseli.com\/index.php?rest_route=\/wp\/v2\/product\/43007","targetHints":{"allow":["GET"]}}],"collection":[{"href":"https:\/\/www.deporteseli.com\/index.php?rest_route=\/wp\/v2\/product"}],"about":[{"href":"https:\/\/www.deporteseli.com\/index.php?rest_route=\/wp\/v2\/types\/product"}],"wp:featuredmedia":[{"embeddable":true,"href":"https:\/\/www.deporteseli.com\/index.php?rest_route=\/wp\/v2\/media\/56500"}],"wp:attachment":[{"href":"https:\/\/www.deporteseli.com\/index.php?rest_route=%2Fwp%2Fv2%2Fmedia&parent=43007"}],"wp:term":[{"taxonomy":"product_brand","embeddable":true,"href":"https:\/\/www.deporteseli.com\/index.php?rest_route=%2Fwp%2Fv2%2Fproduct_brand&post=43007"},{"taxonomy":"product_cat","embeddable":true,"href":"https:\/\/www.deporteseli.com\/index.php?rest_route=%2Fwp%2Fv2%2Fproduct_cat&post=43007"},{"taxonomy":"product_tag","embeddable":true,"href":"https:\/\/www.deporteseli.com\/index.php?rest_route=%2Fwp%2Fv2%2Fproduct_tag&post=43007"}],"curies":[{"name":"wp","href":"https:\/\/api.w.org\/{rel}","templated":true}]}}